{"id":4824,"date":"2026-05-06T11:28:36","date_gmt":"2026-05-06T09:28:36","guid":{"rendered":"https:\/\/aipowerrecruiter.com\/pl\/?page_id=4824"},"modified":"2026-05-06T16:22:38","modified_gmt":"2026-05-06T14:22:38","slug":"rekrutacja-z-ai-gdy-czlowiek-nadal-jest-w-centrum","status":"publish","type":"page","link":"https:\/\/aipowerrecruiter.com\/pl\/rekrutacja-z-ai-gdy-czlowiek-nadal-jest-w-centrum\/","title":{"rendered":"Rekrutacja z AI &#8211; gdy cz\u0142owiek nadal jest w centrum"},"content":{"rendered":"\n<div class=\"wp-block-group has-global-padding is-layout-constrained wp-container-core-group-is-layout-1ffffe90 wp-block-group-is-layout-constrained has-background\" style=\"padding-top:0;padding-right:var(--wp--preset--spacing--superbspacing-small);padding-bottom:0;padding-left:var(--wp--preset--spacing--superbspacing-small);background-position:50% 100%;background-repeat:no-repeat;background-size:contain;\">\n<div class=\"wp-block-cover aligncenter has-custom-content-position is-position-top-center overflowimg-main pattern1 gradient1\" style=\"border-radius:2rem;margin-top:0;padding-top:var(--wp--preset--spacing--superbspacing-medium);padding-right:var(--wp--preset--spacing--superbspacing-medium);padding-bottom:0;padding-left:var(--wp--preset--spacing--superbspacing-medium)\" id=\"quick-start\"><span aria-hidden=\"true\" class=\"wp-block-cover__background has-background-dim-100 has-background-dim\"><\/span><div class=\"wp-block-cover__inner-container has-global-padding is-layout-constrained wp-container-core-cover-is-layout-20144578 wp-block-cover-is-layout-constrained\">\n<figure class=\"wp-block-image aligncenter size-large is-resized wp-duotone-unset-1\"><a href=\"\/\" target=\"_blank\"><img decoding=\"async\" src=\"https:\/\/aipowerrecruiter.com\/pl\/wp-content\/themes\/newspaper-builder\/images\/elements\/logo-aipowerrecruiter-white.svg\" alt=\"AI Power Recruiter - logo\" style=\"aspect-ratio:4;object-fit:contain;width:250px\"\/ loading=\"lazy\"><\/a><\/figure>\n\n\n\n<h2 class=\"wp-block-heading has-text-align-center has-base-color has-text-color has-link-color has-superbfont-xlarge-font-size wp-elements-52691564c0365331b486749f159c51e8\" style=\"margin-top:var(--wp--preset--spacing--superbspacing-small);margin-right:0;margin-bottom:var(--wp--preset--spacing--superbspacing-xsmall);font-style:normal;font-weight:600\">Rekrutacja z AI &#8211; gdy cz\u0142owiek nadal jest w centrum<\/h2>\n\n\n\n<div class=\"wp-block-group has-global-padding is-layout-constrained wp-container-core-group-is-layout-bea02a06 wp-block-group-is-layout-constrained\">\n<p class=\"has-text-align-center has-base-color has-text-color has-link-color has-superbfont-small-font-size wp-elements-3e442b96d6833d9d73f90f4b29aa63fd\" style=\"padding-top:var(--wp--preset--spacing--superbspacing-xxsmall);padding-bottom:var(--wp--preset--spacing--superbspacing-xxsmall)\">Zobacz, jak w praktyce wygl\u0105da praca z AI Power Recruiter \u2013 systemem, kt\u00f3ry automatyzuje rekrutacj\u0119, analizuje kandydat\u00f3w i usprawnia ka\u017cdy etap procesu. Kr\u00f3tki film poka\u017ce Ci, jak sztuczna inteligencja naprawd\u0119 zmienia spos\u00f3b zatrudniania.<\/p>\n\n\n\n<div class=\"wp-block-group is-content-justification-center is-nowrap is-layout-flex wp-container-core-group-is-layout-93f9ea75 wp-block-group-is-layout-flex\" style=\"margin-bottom:var(--wp--preset--spacing--superbspacing-small)\">\n<div class=\"wp-block-group is-content-justification-left is-nowrap is-layout-flex wp-container-core-group-is-layout-aa3b437a wp-block-group-is-layout-flex\">\n<div class=\"wp-block-beeclear-icon beeclear-icon__wrap\" style=\"display:flex;width:auto;justify-content:flex-start;min-height:30px;min-width:30px\"><span class=\"beeclear-icon dashicons dashicons-calendar-alt\" style=\"font-size:30px;color:#ffc934\" role=\"img\"><\/span><\/div>\n\n\n\n<p class=\"bccm-date has-contrast-light-color has-text-color has-link-color has-superbfont-medium-font-size wp-elements-6d36f4243fccb2d035141ed41b483591\">Data<\/p>\n<\/div>\n\n\n\n<div class=\"wp-block-group is-nowrap is-layout-flex wp-container-core-group-is-layout-b098208d wp-block-group-is-layout-flex\">\n<div class=\"wp-block-beeclear-icon beeclear-icon__wrap\" style=\"display:flex;width:auto;justify-content:flex-start;min-height:30px;min-width:30px\"><span class=\"beeclear-icon dashicons dashicons-clock\" style=\"font-size:30px;color:#ffc934\" role=\"img\"><\/span><\/div>\n\n\n\n<p class=\"bccm-time has-contrast-light-color has-text-color has-link-color has-superbfont-medium-font-size wp-elements-8acb2a2b5afb1c2da2d986f3e056fb55\">Godzina<\/p>\n<\/div>\n<\/div>\n<\/div>\n\n\n\n<div class=\"wp-block-group has-global-padding is-layout-constrained wp-container-core-group-is-layout-bea02a06 wp-block-group-is-layout-constrained\">\n<div class=\"wp-block-group has-mono-4-background-color has-background has-global-padding is-layout-constrained wp-container-core-group-is-layout-53592d09 wp-block-group-is-layout-constrained\" style=\"padding-top:var(--wp--preset--spacing--superbspacing-medium);padding-right:var(--wp--preset--spacing--superbspacing-medium);padding-bottom:var(--wp--preset--spacing--superbspacing-medium);padding-left:var(--wp--preset--spacing--superbspacing-medium)\">\n<p style=\"font-style:normal;font-weight:600\">Zarejestruj si\u0119 na spotkanie<\/p>\n\n\n\n<div class=\"wpcf7 no-js\" id=\"wpcf7-f4823-o1\" lang=\"pl-PL\" dir=\"ltr\" data-wpcf7-id=\"4823\">\n<div class=\"screen-reader-response\"><p role=\"status\" aria-live=\"polite\" aria-atomic=\"true\"><\/p> <ul><\/ul><\/div>\n<form action=\"\/pl\/wp-json\/wp\/v2\/pages\/4824#wpcf7-f4823-o1\" method=\"post\" class=\"wpcf7-form init\" aria-label=\"Formularz kontaktowy\" novalidate=\"novalidate\" data-status=\"init\">\n<fieldset class=\"hidden-fields-container\"><input type=\"hidden\" name=\"_wpcf7\" value=\"4823\" \/><input type=\"hidden\" name=\"_wpcf7_version\" value=\"6.1.5\" \/><input type=\"hidden\" name=\"_wpcf7_locale\" value=\"pl_PL\" \/><input type=\"hidden\" name=\"_wpcf7_unit_tag\" value=\"wpcf7-f4823-o1\" \/><input type=\"hidden\" name=\"_wpcf7_container_post\" value=\"0\" \/><input type=\"hidden\" name=\"_wpcf7_posted_data_hash\" value=\"\" \/><input type=\"hidden\" name=\"_uacf7_hidden_conditional_fields\" value=\"\" \/><input type=\"hidden\" name=\"_wpcf7_recaptcha_response\" value=\"\" \/>\n<\/fieldset>\n<div class=\"uacf7-form-wrapper-container uacf7-form-4823  \"><div class=\"inputs\">\n<span class=\"wpcf7-form-control-wrap\" data-name=\"imie\"><input size=\"40\" maxlength=\"400\" class=\"wpcf7-form-control wpcf7-text wpcf7-validates-as-required\" autocomplete=\"name\" aria-required=\"true\" aria-invalid=\"false\" placeholder=\"Imi\u0119\" value=\"\" type=\"text\" name=\"imie\" \/><\/span>\n<span class=\"wpcf7-form-control-wrap\" data-name=\"email\"><input size=\"40\" maxlength=\"400\" class=\"wpcf7-form-control wpcf7-email wpcf7-validates-as-required wpcf7-text wpcf7-validates-as-email text-input\" aria-required=\"true\" aria-invalid=\"false\" placeholder=\"Adres e-mail\" value=\"\" type=\"email\" name=\"email\" \/><\/span>\n<span class=\"wpcf7-form-control-wrap\" data-name=\"phone_number\"><input size=\"40\" maxlength=\"400\" class=\"wpcf7-form-control wpcf7-tel wpcf7-validates-as-required wpcf7-text wpcf7-validates-as-tel\" aria-required=\"true\" aria-invalid=\"false\" placeholder=\"Numer telefonu\" value=\"\" type=\"tel\" name=\"phone_number\" \/><\/span>\n<\/div>\n<div class=\"form-consent\">\n<span class=\"wpcf7-form-control-wrap\" data-name=\"checkbox-832\"><span class=\"wpcf7-form-control wpcf7-checkbox check_all\"><span class=\"wpcf7-list-item first last\"><label><input type=\"checkbox\" name=\"checkbox-832[]\" value=\"Zaznacz wszystkie zgody.\" \/><span class=\"wpcf7-list-item-label\">Zaznacz wszystkie zgody.<\/span><\/label><\/span><\/span><\/span>\n<hr class=\"checkbox_separator\">\n<p class=\"consent-own-content\"><\/p>\n<div>\n<div class=\"inputs-row\"><span class=\"wpcf7-form-control-wrap\" data-name=\"checkbox-316\"><span class=\"wpcf7-form-control wpcf7-checkbox wpcf7-validates-as-required\"><span class=\"wpcf7-list-item first last\"><label><input type=\"checkbox\" name=\"checkbox-316[]\" value=\"wiadomo\u015bci e-mail (wymagane)\" \/><span class=\"wpcf7-list-item-label\">wiadomo\u015bci e-mail (wymagane)<\/span><\/label><\/span><\/span><\/span>\n<span class=\"wpcf7-form-control-wrap\" data-name=\"checkbox-326\"><span class=\"wpcf7-form-control wpcf7-checkbox\"><span class=\"wpcf7-list-item first last\"><label><input type=\"checkbox\" name=\"checkbox-326[]\" value=\"wiadomo\u015bci SMS\/MMS\" \/><span class=\"wpcf7-list-item-label\">wiadomo\u015bci SMS\/MMS<\/span><\/label><\/span><\/span><\/span>\n<span class=\"wpcf7-form-control-wrap\" data-name=\"checkbox-336\"><span class=\"wpcf7-form-control wpcf7-checkbox\"><span class=\"wpcf7-list-item first last\"><label><input type=\"checkbox\" name=\"checkbox-336[]\" value=\"po\u0142\u0105cze\u0144 telefonicznych\" \/><span class=\"wpcf7-list-item-label\">po\u0142\u0105cze\u0144 telefonicznych<\/span><\/label><\/span><\/span><\/span>\n<\/div>\n<\/div>\n<p class=\"consent-partner-content\"><\/p> \n<div class=\"inputs-row\">\n<span class=\"wpcf7-form-control-wrap\" data-name=\"checkbox-416\"><span class=\"wpcf7-form-control wpcf7-checkbox\"><span class=\"wpcf7-list-item first last\"><label><input type=\"checkbox\" name=\"checkbox-416[]\" value=\"wiadomo\u015bci e-mail\" \/><span class=\"wpcf7-list-item-label\">wiadomo\u015bci e-mail<\/span><\/label><\/span><\/span><\/span>\n<span class=\"wpcf7-form-control-wrap\" data-name=\"checkbox-426\"><span class=\"wpcf7-form-control wpcf7-checkbox\"><span class=\"wpcf7-list-item first last\"><label><input type=\"checkbox\" name=\"checkbox-426[]\" value=\"wiadomo\u015bci SMS\/MMS\" \/><span class=\"wpcf7-list-item-label\">wiadomo\u015bci SMS\/MMS<\/span><\/label><\/span><\/span><\/span>\n<span class=\"wpcf7-form-control-wrap\" data-name=\"checkbox-436\"><span class=\"wpcf7-form-control wpcf7-checkbox\"><span class=\"wpcf7-list-item first last\"><label><input type=\"checkbox\" name=\"checkbox-436[]\" value=\"po\u0142\u0105cze\u0144 telefonicznych\" \/><span class=\"wpcf7-list-item-label\">po\u0142\u0105cze\u0144 telefonicznych<\/span><\/label><\/span><\/span><\/span>\n<\/div>\n<\/div>\n<div class=\"spinner-container\">\n<input class=\"wpcf7-form-control wpcf7-submit has-spinner\" type=\"submit\" value=\"Zapisz\" \/>\n<\/div><\/div><div class=\"wpcf7-response-output\" aria-hidden=\"true\"><\/div>\n<\/form>\n<\/div>\n\n\n\n<p class=\"popup-admin-info\">Administrator (ASARI) przetwarza dane w celu zawarcia umowy, a w przypadku wyra\u017cenia zg\u00f3d na otrzymywanie informacji handlowych w celu ich przekazania, w tym dost\u0119pu do szkolenia. Je\u015bli nie chcesz udzieli\u0107 zgody, to skontaktuj si\u0119 z nami w celu op\u0142acenia dost\u0119pu do szkolenia. Zgody s\u0105 dobrowolne i mo\u017cna je wycofa\u0107 w dowolnym momencie. Wycofanie zg\u00f3d nie wp\u0142ywa na zgodno\u015b\u0107 z prawem przekazywania informacji handlowych przed ich wycofaniem. Wi\u0119cej informacji, w tym o przys\u0142uguj\u0105cych prawach, znajdziesz <a href=\"https:\/\/aipowerrecruiter.com\/pl\/polityka-prywatnosci\/\" rel=\"noindex\">tutaj<\/a>.<\/p>\n<\/div>\n<\/div>\n<\/div><\/div>\n\n\n\n<div style=\"height:4rem\" aria-hidden=\"true\" class=\"wp-block-spacer\"><\/div>\n<\/div>\n","protected":false},"excerpt":{"rendered":"","protected":false},"author":9,"featured_media":0,"parent":0,"menu_order":0,"comment_status":"closed","ping_status":"closed","template":"homepage","meta":{"_beeclear_ctt_text":"","_beeclear_ctt_class":"","_beeclear_ctt_element":"p","_beeclear_ctt_is_custom_code":false,"inline_featured_image":false,"footnotes":""},"class_list":["post-4824","page","type-page","status-publish","hentry"],"_links":{"self":[{"href":"https:\/\/aipowerrecruiter.com\/pl\/wp-json\/wp\/v2\/pages\/4824","targetHints":{"allow":["GET"]}}],"collection":[{"href":"https:\/\/aipowerrecruiter.com\/pl\/wp-json\/wp\/v2\/pages"}],"about":[{"href":"https:\/\/aipowerrecruiter.com\/pl\/wp-json\/wp\/v2\/types\/page"}],"author":[{"embeddable":true,"href":"https:\/\/aipowerrecruiter.com\/pl\/wp-json\/wp\/v2\/users\/9"}],"replies":[{"embeddable":true,"href":"https:\/\/aipowerrecruiter.com\/pl\/wp-json\/wp\/v2\/comments?post=4824"}],"version-history":[{"count":21,"href":"https:\/\/aipowerrecruiter.com\/pl\/wp-json\/wp\/v2\/pages\/4824\/revisions"}],"predecessor-version":[{"id":4853,"href":"https:\/\/aipowerrecruiter.com\/pl\/wp-json\/wp\/v2\/pages\/4824\/revisions\/4853"}],"wp:attachment":[{"href":"https:\/\/aipowerrecruiter.com\/pl\/wp-json\/wp\/v2\/media?parent=4824"}],"curies":[{"name":"wp","href":"https:\/\/api.w.org\/{rel}","templated":true}]}}