{"id":4385,"date":"2025-10-24T14:04:50","date_gmt":"2025-10-24T12:04:50","guid":{"rendered":"https:\/\/aipowerrecruiter.com\/pl\/?page_id=4385"},"modified":"2025-10-24T14:07:42","modified_gmt":"2025-10-24T12:07:42","slug":"polityka-mediow-spolecznosciowych","status":"publish","type":"page","link":"https:\/\/aipowerrecruiter.com\/pl\/polityka-mediow-spolecznosciowych\/","title":{"rendered":"Polityka medi\u00f3w spo\u0142eczno\u015bciowych"},"content":{"rendered":"\n<div class=\"wp-block-group container has-global-padding is-layout-constrained wp-block-group-is-layout-constrained\">\n<p>Korzystaj\u0105c z naszych kont w mediach spo\u0142eczno\u015bciowych, wchodzisz z nami w interakcj\u0119, np. dokonuj\u0105c subskrypcji fanpage, zostawiaj\u0105c swoj\u0105 reakcj\u0119 (polubienia, komentarze) czy wysy\u0142aj\u0105c do nas wiadomo\u015b\u0107. Informacje, jakie dostarczasz na sw\u00f3j temat, mog\u0105 stanowi\u0107 dane osobowe. Niniejsza Polityka medi\u00f3w spo\u0142eczno\u015bciowych opisuje, w jaki spos\u00f3b przetwarzamy dane osobowe gromadzone przy pomocy kont w nast\u0119puj\u0105cych portalach spo\u0142eczno\u015bciowych (dalej jako \u201e<strong>Portale spo\u0142eczno\u015bciowe<\/strong>\u201d):<\/p>\n\n\n\n<ul class=\"wp-block-list\">\n<li><a href=\"https:\/\/www.facebook.com\/asaricrm\/\" target=\"_blank\" rel=\"noreferrer noopener nofollow\">Facebook<\/a><\/li>\n\n\n\n<li><a href=\"https:\/\/www.instagram.com\/asaricrm\/\" target=\"_blank\" rel=\"noreferrer noopener nofollow\">Instagram<\/a><\/li>\n\n\n\n<li><a href=\"https:\/\/www.linkedin.com\/company\/2892889\/\" target=\"_blank\" rel=\"noreferrer noopener nofollow\">Linkedin<\/a><\/li>\n\n\n\n<li><a href=\"https:\/\/twitter.com\/asaricrm\" target=\"_blank\" rel=\"noreferrer noopener nofollow\">Twitter<\/a><\/li>\n\n\n\n<li><a href=\"https:\/\/www.youtube.com\/channel\/UC8FNIZcMFpbSGLfXY9znoYQ\" target=\"_blank\" rel=\"noreferrer noopener nofollow\">YouTube<\/a><\/li>\n<\/ul>\n\n\n\n<p>Twoje dane osobowe przetwarzamy zgodnie z Rozporz\u0105dzeniem Parlamentu Europejskiego i Rady (UE) 2016\/679 z dnia 27 kwietnia 2016 r. w sprawie ochrony os\u00f3b fizycznych w zwi\u0105zku z przetwarzaniem danych osobowych i w sprawie swobodnego przep\u0142ywu takich danych oraz uchylenia dyrektywy 95\/46\/WE (dalej jako \u201e<strong>Og\u00f3lne rozporz\u0105dzenie o ochronie danych<\/strong>\u201d)<\/p>\n\n\n\n<h3 class=\"wp-block-heading\">I. Administrator danych osobowych<\/h3>\n\n\n\n<p>Administratorem Pa\u0144stwa danych osobowych jest <strong>ASARI Sp. z o.o.<\/strong> z siedzib\u0105 w Warszawie (02-677) przy ul. Wynalazek 1, (dalej \u201e<strong>Administrator<\/strong>\u201d). Z Administratorem mog\u0105 si\u0119 Pa\u0144stwo skontaktowa\u0107 poprzez e-mail: <a href=\"mailto:rodo@asari.pl\">rodo@asari.pl<\/a> lub korespondencyjnie pod ww. adresem siedziby Administratora.<\/p>\n\n\n\n<h3 class=\"wp-block-heading\">II. Kategorie os\u00f3b, kt\u00f3rych dane s\u0105 przetwarzane, oraz zakres przetwarzanych danych<\/h3>\n\n\n\n<h4 class=\"wp-block-heading\"><strong>Facebook<\/strong><\/h4>\n\n\n\n<p>Przetwarzamy dane os\u00f3b, kt\u00f3re:<\/p>\n\n\n\n<ul class=\"wp-block-list\">\n<li>dokona\u0142y subskrypcji konta poprzez klikni\u0119cie ikony \u201eLubi\u0119 to\u201d lub \u201eObserwuj\u201d,<\/li>\n\n\n\n<li>opublikowa\u0142y sw\u00f3j komentarz, udost\u0119pni\u0142y go lub klikn\u0119\u0142y ikon\u0119 \u201eLubi\u0119 to\u201d pod kt\u00f3rymkolwiek z post\u00f3w zamieszczonych w koncie.<\/li>\n<\/ul>\n\n\n\n<p>Przetwarzamy nast\u0119puj\u0105ce rodzaje danych osobowych:<\/p>\n\n\n\n<ul class=\"wp-block-list\">\n<li>identyfikator konta (zazwyczaj zawieraj\u0105cy imi\u0119 i nazwisko lub nick),<\/li>\n\n\n\n<li>zdj\u0119cie profilowe,<\/li>\n\n\n\n<li>inne zdj\u0119cia (kt\u00f3re r\u00f3wnie\u017c mog\u0105 przedstawia\u0107 wizerunek),<\/li>\n\n\n\n<li>tre\u015b\u0107 Twoich komentarzy,<\/li>\n\n\n\n<li>dane statystyczne dotycz\u0105ce os\u00f3b odwiedzaj\u0105cych fanpage\u2019a dost\u0119pne za pomoc\u0105 funkcji \u201eFacebook Insights&#8221;, gromadzone dzi\u0119ki plikom cookies.<\/li>\n<\/ul>\n\n\n\n<h4 class=\"wp-block-heading\"><strong>Instagram<\/strong><\/h4>\n\n\n\n<p>Przetwarzamy dane os\u00f3b, kt\u00f3re:<\/p>\n\n\n\n<ul class=\"wp-block-list\">\n<li>dokona\u0142y subskrypcji konta poprzez klikni\u0119cie ikony&nbsp; \u201eObserwuj\u201d,<\/li>\n\n\n\n<li>opublikowa\u0142y sw\u00f3j komentarz pod kt\u00f3rymkolwiek z post\u00f3w zamieszczonych na koncie lub zareagowa\u0142y na opublikowane zdj\u0119cia.<\/li>\n<\/ul>\n\n\n\n<p>Przetwarzamy nast\u0119puj\u0105ce rodzaje danych osobowych:<\/p>\n\n\n\n<ul class=\"wp-block-list\">\n<li>identyfikator konta (zazwyczaj zawieraj\u0105cy imi\u0119 i nazwisko lub nick),<\/li>\n\n\n\n<li>zdj\u0119cie profilowe,<\/li>\n\n\n\n<li>inne zdj\u0119cia (kt\u00f3re r\u00f3wnie\u017c mog\u0105 przedstawia\u0107 wizerunek),<\/li>\n\n\n\n<li>tre\u015b\u0107 Twoich komentarzy,<\/li>\n\n\n\n<li>dane statystyczne dotycz\u0105ce os\u00f3b odwiedzaj\u0105cych konto, gromadzone dzi\u0119ki plikom cookies.<\/li>\n<\/ul>\n\n\n\n<h4 class=\"wp-block-heading\"><strong>Linkedin<\/strong><\/h4>\n\n\n\n<p>Przetwarzamy dane os\u00f3b, kt\u00f3re:<\/p>\n\n\n\n<ul class=\"wp-block-list\">\n<li>odwiedzi\u0142y stron\u0119 Administratora,<\/li>\n\n\n\n<li>wesz\u0142y w interakcj\u0119 z Administratorem,<\/li>\n\n\n\n<li>opublikowa\u0142y lub przes\u0142a\u0142y dane poprzez us\u0142ugi oferowane przez portal Linkedin (np. wype\u0142ni\u0142y formularze, odpowiedzia\u0142y na ankiety).<\/li>\n<\/ul>\n\n\n\n<p>Przetwarzamy nast\u0119puj\u0105ce rodzaje danych osobowych:<\/p>\n\n\n\n<ul class=\"wp-block-list\">\n<li>imi\u0119, nazwisko, wizerunek oraz inne dane identyfikacyjne udost\u0119pnione przez Ciebie publicznie na profilu utworzonym w portalu Linkedin (m.in. dane adresowe, kontaktowe np. adres e-mail, telefon oraz dane o wykszta\u0142ceniu, sta\u017cu pracy, uprawnieniach zawodowych i przebiegu dotychczasowego zatrudnienia),&nbsp;<\/li>\n\n\n\n<li>dane statystyczne dotycz\u0105ce os\u00f3b odwiedzaj\u0105cych konto, gromadzone dzi\u0119ki plikom cookies.<\/li>\n<\/ul>\n\n\n\n<h4 class=\"wp-block-heading\"><strong>Twitter<\/strong><\/h4>\n\n\n\n<p>Przetwarzamy dane os\u00f3b, kt\u00f3re:<\/p>\n\n\n\n<ul class=\"wp-block-list\">\n<li>dokona\u0142y subskrypcji konta poprzez klikni\u0119cie ikony \u201eObserwuj\u201d,<\/li>\n\n\n\n<li>odwiedzi\u0142y stron\u0119 Administratora,<\/li>\n\n\n\n<li>wesz\u0142y w interakcj\u0119 z Administratorem.<\/li>\n<\/ul>\n\n\n\n<p>Przetwarzamy nast\u0119puj\u0105ce rodzaje danych osobowych:<\/p>\n\n\n\n<ul class=\"wp-block-list\">\n<li>identyfikator konta (zazwyczaj zawieraj\u0105cy imi\u0119 i nazwisko lub nick),<\/li>\n\n\n\n<li>zdj\u0119cie profilowe,<\/li>\n\n\n\n<li>inne zdj\u0119cia (kt\u00f3re r\u00f3wnie\u017c mog\u0105 przedstawia\u0107 wizerunek),<\/li>\n\n\n\n<li>tre\u015b\u0107 Twoich komentarzy,<\/li>\n\n\n\n<li>dane statystyczne dotycz\u0105ce os\u00f3b odwiedzaj\u0105cych konto, gromadzone dzi\u0119ki plikom cookies.<\/li>\n<\/ul>\n\n\n\n<h4 class=\"wp-block-heading\"><strong>YouTube<\/strong><\/h4>\n\n\n\n<p>Przetwarzamy dane os\u00f3b, kt\u00f3re:<\/p>\n\n\n\n<ul class=\"wp-block-list\">\n<li>dokona\u0142y subskrypcji konta poprzez klikni\u0119cie ikony&nbsp; \u201eSubskrybuj\u201d,<\/li>\n\n\n\n<li>opublikowa\u0142y sw\u00f3j komentarz pod kt\u00f3rymkolwiek z film\u00f3w zamieszczonych w koncie lub zareagowa\u0142y na opublikowane filmy.<\/li>\n<\/ul>\n\n\n\n<p>Przetwarzamy nast\u0119puj\u0105ce rodzaje danych osobowych:<\/p>\n\n\n\n<ul class=\"wp-block-list\">\n<li>identyfikator Konta (zazwyczaj zawieraj\u0105cy imi\u0119 i nazwisko lub nick),<\/li>\n\n\n\n<li>zdj\u0119cie profilowe,<\/li>\n\n\n\n<li>tre\u015b\u0107 Twoich komentarzy,<\/li>\n\n\n\n<li>dane statystyczne dotycz\u0105ce os\u00f3b odwiedzaj\u0105cych konto, gromadzone dzi\u0119ki plikom cookies.<\/li>\n<\/ul>\n\n\n\n<h3 class=\"wp-block-heading\">III. Cele i podstawy prawne przetwarzania<\/h3>\n\n\n\n<p>Przetwarzamy Twoje dane osobowe:&nbsp;<\/p>\n\n\n\n<ol class=\"wp-block-list\">\n<li>na podstawie prawnie uzasadnionego interesu (art. 6 ust. 1 lit. f Og\u00f3lnego rozporz\u0105dzenia o ochronie danych) polegaj\u0105cego na:\n<ul class=\"wp-block-list\">\n<li>prowadzeniu konta na Portalu spo\u0142eczno\u015bciowym, na warunkach oraz na zasadach okre\u015blonych przez operatora Portalu i informowania za jego pomoc\u0105 o naszej aktywno\u015bci, promowaniu wydarze\u0144 i marki, produkt\u00f3w oraz us\u0142ug, budowaniu i utrzymaniu spo\u0142eczno\u015bci z nami (w tym nadzoru nad tre\u015bciami publikowanymi przez u\u017cytkownik\u00f3w) oraz w celu komunikacji za po\u015brednictwem dost\u0119pnych funkcjonalno\u015bci Portalu spo\u0142eczno\u015bciowego (komentarze, wiadomo\u015bci),<\/li>\n\n\n\n<li>prowadzeniu statystyk (poprzez analiz\u0119 danych na temat aktywno\u015bci u\u017cytkownik\u00f3w naszego konta),<\/li>\n\n\n\n<li>ewentualnym ustalaniu, dochodzeniu lub obronie przed roszczeniami.<\/li>\n<\/ul>\n<\/li>\n\n\n\n<li>na podstawie odr\u0119bnie udzielonej zgody w zakresie i celu okre\u015blonym w tre\u015bci zgody i przez czas do jej wycofania (art. 6 ust. 1 lit a. lub art. 9 ust. 2 lit. a Og\u00f3lnego rozporz\u0105dzenia o ochronie danych),<\/li>\n\n\n\n<li>na podstawie wymog\u00f3w ustawowych w celu wype\u0142nienia naszych obowi\u0105zk\u00f3w prawnych wynikaj\u0105cych z przepis\u00f3w prawa (art. 6 ust. 1 lit. c Og\u00f3lnego rozporz\u0105dzenia o ochronie danych).<\/li>\n<\/ol>\n\n\n\n<p>W przypadku, gdy za pomoc\u0105 Portalu spo\u0142eczno\u015bciowego organizujemy akcje promocyjne, zasady przetwarzania Twoich danych osobowych, w tym cel i podstaw\u0119 prawn\u0105 takiego przetwarzania opisujemy w regulaminie takiej akcji. Przed udzia\u0142em w takiej akcji promocyjnej prosimy o zapoznanie si\u0119 z jej regulaminem.<\/p>\n\n\n\n<h3 class=\"wp-block-heading\">IV. Wsp\u00f3\u0142administrowanie danymi osobowymi<\/h3>\n\n\n\n<p>W zakresie przetwarzania danych osobowych na potrzeby statystyk pe\u0142nimy funkcj\u0119 wsp\u00f3\u0142administrator\u00f3w w rozumieniu art. 26 ust. 1 Og\u00f3lnego rozporz\u0105dzenia o ochronie danych wraz z operatorem Portalu spo\u0142eczno\u015bciowego, kt\u00f3ry udost\u0119pnia opcj\u0119 statystyk. Dzia\u0142ania takie podejmujemy w ramach naszego prawnie uzasadnionego interesu (art. 6 ust. 1 lit. f Og\u00f3lnego rozporz\u0105dzenia o ochronie danych) opisanego wy\u017cej.<\/p>\n\n\n\n<p>Wi\u0119cej informacji na temat przetwarzania danych na potrzeby statystyk znajdziesz pod linkiem:<\/p>\n\n\n\n<ul class=\"wp-block-list\">\n<li>W przypadku Portali spo\u0142eczno\u015bciowych Facebook i Instagram wsp\u00f3\u0142administratorem pozostaje Facebook Ireland Limited <a href=\"https:\/\/www.facebook.com\/legal\/terms\/information_about_page_insights_data\" target=\"_blank\" rel=\"noreferrer noopener nofollow\">kliknij tutaj<\/a>.<\/li>\n\n\n\n<li>W przypadku Portalu spo\u0142eczno\u015bciowego LinkedIn wsp\u00f3\u0142administratorem pozostaje LinkedIn Ireland Unlimited Company <a href=\"https:\/\/legal.linkedin.com\/pages-joint-controller-addendum\" target=\"_blank\" rel=\"noreferrer noopener nofollow\">kliknij tutaj<\/a>.<\/li>\n<\/ul>\n\n\n\n<h3 class=\"wp-block-heading\">V. Odbiorcy danych<\/h3>\n\n\n\n<p>Dost\u0119p do Twoich danych osobowych b\u0119dzie mie\u0107:&nbsp;<\/p>\n\n\n\n<ul class=\"wp-block-list\">\n<li>nasz upowa\u017cniony personel oraz podmioty \u015bwiadcz\u0105ce us\u0142ugi na nasz\u0105 rzecz (m.in. us\u0142ugi marketingowe, us\u0142ugi IT i wsparcia technicznego), kt\u00f3re musz\u0105 mie\u0107 dost\u0119p do danych, aby wykonywa\u0107 swoje obowi\u0105zki,<\/li>\n\n\n\n<li>inni u\u017cytkownicy Portalu spo\u0142eczno\u015bciowego (z uwagi na fakt, i\u017c informacje o osobach obserwuj\u0105cych konto, o polubieniach, a tak\u017ce tre\u015bci komentarzy, posty i inne informacje dostarczane przez u\u017cytkownik\u00f3w s\u0105 jawne),<\/li>\n\n\n\n<li>organy w\u0142adzy publicznej oraz podmioty wykonuj\u0105ce zadania publiczne lub dzia\u0142aj\u0105ce na zlecenie organ\u00f3w w\u0142adzy publicznej, w zakresie i w celach, kt\u00f3re wynikaj\u0105 z przepis\u00f3w powszechnie obowi\u0105zuj\u0105cego prawa,<\/li>\n\n\n\n<li>administrator Portalu spo\u0142eczno\u015bciowego na zasadach opisanych w udost\u0119pnionych politykach prywatno\u015bci.<\/li>\n<\/ul>\n\n\n\n<p>Pami\u0119taj, \u017ce operatorzy Portali spo\u0142eczno\u015bciowych s\u0105 odr\u0119bnymi podmiotami odpowiedzialnymi za przetwarzanie danych os\u00f3b korzystaj\u0105cych z&nbsp;Portali spo\u0142eczno\u015bciowych, w tym danych dotycz\u0105cych Ciebie. Podmioty te przetwarzaj\u0105 Twoje dane osobowe we w\u0142asnych celach oparciu o&nbsp;ustalone przez siebie podstawy prawne. W szczeg\u00f3lno\u015bci mog\u0105 one w oparciu o w\u0142asny regulamin funkcjonowania Portalu spo\u0142eczno\u015bciowego gromadzi\u0107 i&nbsp;przetwarza\u0107 informacje zawarte w&nbsp;plikach cookies os\u00f3b odwiedzaj\u0105cych nasze konto. Mamy ograniczony wp\u0142yw na przetwarzanie danych przez operator\u00f3w Portali spo\u0142eczno\u015bciowych. Z tego wzgl\u0119du prosimy Ci\u0119 o zapoznanie si\u0119 z regulaminami ich funkcjonowania i udost\u0119pnionymi w nich politykami prywatno\u015bci, kt\u00f3re znajdziesz tutaj:<\/p>\n\n\n\n<ul class=\"wp-block-list\">\n<li>Facebook: <a href=\"https:\/\/www.facebook.com\/about\/privacy\" target=\"_blank\" rel=\"noreferrer noopener nofollow\">https:\/\/www.facebook.com\/about\/privacy<\/a>,<\/li>\n\n\n\n<li>Instagram: <a href=\"https:\/\/help.instagram.com\/519522125107875\" target=\"_blank\" rel=\"noreferrer noopener nofollow\">https:\/\/help.instagram.com\/519522125107875<\/a>,<\/li>\n\n\n\n<li>LinkedIn: <a href=\"https:\/\/www.linkedin.com\/legal\/privacy-policy?trk=homepage-basic_footer-privacy-policy\" target=\"_blank\" rel=\"noreferrer noopener nofollow\">https:\/\/www.linkedin.com\/legal\/privacy-policy?trk=homepage-basic_footer-privacy-policy<\/a>,<\/li>\n\n\n\n<li>Twitter: <a href=\"https:\/\/twitter.com\/en\/privacy\" target=\"_blank\" rel=\"noreferrer noopener nofollow\">https:\/\/twitter.com\/en\/privacy<\/a>&nbsp;<\/li>\n\n\n\n<li>Youtube: <a href=\"https:\/\/www.youtube.com\/intl\/ALL_pl\/howyoutubeworks\/user-settings\/privacy\/\" target=\"_blank\" rel=\"noreferrer noopener nofollow\">https:\/\/www.youtube.com\/intl\/ALL_pl\/howyoutubeworks\/user-settings\/privacy\/<\/a><\/li>\n<\/ul>\n\n\n\n<h3 class=\"wp-block-heading\">VI. Przekazywanie danych do pa\u0144stw trzecich lub organizacji mi\u0119dzynarodowych<\/h3>\n\n\n\n<p>Nie przekazujemy Twoich danych osobowych do pa\u0144stwa trzeciego lub organizacji mi\u0119dzynarodowej.<\/p>\n\n\n\n<h3 class=\"wp-block-heading\">VII. Okres przechowywania danych<\/h3>\n\n\n\n<p>Okres przetwarzania danych jest zwi\u0105zany z celami i podstawami ich przetwarzania, w zwi\u0105zku z czym:<\/p>\n\n\n\n<ul class=\"wp-block-list\">\n<li>dane przetwarzane na podstawie zgody b\u0119d\u0105 przetwarzane do czasu cofni\u0119cia zgody,<\/li>\n\n\n\n<li>dane przetwarzane na podstawie wymog\u00f3w ustawowych b\u0119d\u0105 przetwarzane przez czas, w kt\u00f3rym przepisy prawa nakazuj\u0105 przechowanie danych,<\/li>\n\n\n\n<li>dane przetwarzane na podstawie prawnie uzasadnionego interesu Administratora b\u0119d\u0105 przetwarzane do czasu skutecznego z\u0142o\u017cenia sprzeciwu lub ustania tego interesu, tj.:\n<ul class=\"wp-block-list\">\n<li>standardowo przetwarzamy Twoje dane do czasu zako\u0144czenia prowadzenia przez nas konta w Portalu spo\u0142eczno\u015bciowym,<\/li>\n\n\n\n<li>dane osobowe, kt\u00f3re uzyskali\u015bmy w prowadzonej korespondencji, przechowujemy przez czas obs\u0142ugi przes\u0142anej do nas wiadomo\u015bci,<\/li>\n\n\n\n<li>dane przetwarzane w celu ustalenia, dochodzenia lub obrony przed roszczeniami przetwarzamy przez czas r\u00f3wny okresowi przedawnienia tych roszcze\u0144.&nbsp;<\/li>\n<\/ul>\n<\/li>\n<\/ul>\n\n\n\n<h3 class=\"wp-block-heading\">VIII. Przys\u0142uguj\u0105 Ci nast\u0119puj\u0105ce prawa:<\/h3>\n\n\n\n<ul class=\"wp-block-list\">\n<li>prawo do \u017c\u0105dania dost\u0119pu do swoich danych osobowych, ich sprostowania, usuni\u0119cia lub ograniczenia przetwarzania, a tak\u017ce prawo do przenoszenia danych,<\/li>\n\n\n\n<li>prawo do wniesienia w dowolnym momencie sprzeciwu wobec przetwarzania Twoich danych na potrzeby marketingu bezpo\u015bredniego,<\/li>\n\n\n\n<li>prawo do wniesienia sprzeciwu wobec przetwarzania danych, w zwi\u0105zku z Twoj\u0105 szczeg\u00f3ln\u0105 sytuacj\u0105,<\/li>\n\n\n\n<li>w przypadku, gdy przetwarzanie Twoich danych odbywa si\u0119 na podstawie zgody \u2013 prawo do cofni\u0119cia zgody w dowolnym momencie bez wp\u0142ywu na zgodno\u015b\u0107 z prawem przetwarzania, kt\u00f3rego dokonano na podstawie zgody przed jej cofni\u0119ciem,<\/li>\n<\/ul>\n\n\n\n<p>Aby skorzysta\u0107 z przys\u0142uguj\u0105cych Ci praw, prosimy o kontakt na wskazane we wst\u0119pie nasze dane kontaktowe.<\/p>\n\n\n\n<p>Przys\u0142uguje Ci tak\u017ce prawo do wniesienia skargi do organu nadzorczego \u2013 Prezesa Urz\u0119du Ochrony Danych Osobowych, ul. Stawki 2, 00-193 Warszawa.<\/p>\n\n\n\n<h3 class=\"wp-block-heading\">IX. Informacje o \u017ar\u00f3dle danych oraz pozosta\u0142e informacje<\/h3>\n\n\n\n<ul class=\"wp-block-list\">\n<li>Twoje dane osobowe otrzymujemy bezpo\u015brednio od Ciebie poprzez Twoj\u0105 interakcj\u0119 z naszym kontem w Portalu spo\u0142eczno\u015bciowym oraz z Twojego publicznego profilu.<\/li>\n\n\n\n<li>Podanie danych jest dobrowolne.&nbsp;<\/li>\n\n\n\n<li>Dane osobowe nie b\u0119d\u0105 przedmiotem zautomatyzowanego podejmowania decyzji, w tym profilowania.<\/li>\n<\/ul>\n\n\n\n<h3 class=\"wp-block-heading\">X. Zmiany Polityki medi\u00f3w spo\u0142eczno\u015bciowych<\/h3>\n\n\n\n<p>Polityka medi\u00f3w spo\u0142eczno\u015bciowych mo\u017ce ulec zmianie, o czym poinformujemy z wyprzedzeniem 7 dni.<\/p>\n\n\n\n<p>Pytania zwi\u0105zane z Polityk\u0105 medi\u00f3w spo\u0142eczno\u015bciowych prosimy kierowa\u0107 na adres:&nbsp;<a href=\"mailto:rodo@asari.pl\">rodo@asari.pl<\/a><\/p>\n\n\n\n<p class=\"has-text-align-right\"><em>Data ostatniej modyfikacji: 29.12.2021 r.<\/em><\/p>\n\n\n\n<div style=\"height:4rem\" aria-hidden=\"true\" class=\"wp-block-spacer\"><\/div>\n<\/div>\n","protected":false},"excerpt":{"rendered":"<p>Korzystaj\u0105c z naszych kont w mediach spo\u0142eczno\u015bciowych, wchodzisz z nami w interakcj\u0119, np. dokonuj\u0105c subskrypcji fanpage, zostawiaj\u0105c swoj\u0105 reakcj\u0119 (polubienia, komentarze) czy wysy\u0142aj\u0105c do nas wiadomo\u015b\u0107. Informacje, jakie dostarczasz na sw\u00f3j temat, mog\u0105 stanowi\u0107 dane osobowe. Niniejsza Polityka medi\u00f3w spo\u0142eczno\u015bciowych opisuje, w jaki spos\u00f3b przetwarzamy dane osobowe gromadzone przy pomocy kont w nast\u0119puj\u0105cych portalach spo\u0142eczno\u015bciowych [&hellip;]<\/p>\n","protected":false},"author":3,"featured_media":0,"parent":0,"menu_order":0,"comment_status":"closed","ping_status":"closed","template":"","meta":{"_beeclear_ctt_text":"","_beeclear_ctt_class":"","_beeclear_ctt_element":"p","_beeclear_ctt_is_custom_code":false,"inline_featured_image":false,"footnotes":""},"class_list":["post-4385","page","type-page","status-publish","hentry"],"_links":{"self":[{"href":"https:\/\/aipowerrecruiter.com\/pl\/wp-json\/wp\/v2\/pages\/4385","targetHints":{"allow":["GET"]}}],"collection":[{"href":"https:\/\/aipowerrecruiter.com\/pl\/wp-json\/wp\/v2\/pages"}],"about":[{"href":"https:\/\/aipowerrecruiter.com\/pl\/wp-json\/wp\/v2\/types\/page"}],"author":[{"embeddable":true,"href":"https:\/\/aipowerrecruiter.com\/pl\/wp-json\/wp\/v2\/users\/3"}],"replies":[{"embeddable":true,"href":"https:\/\/aipowerrecruiter.com\/pl\/wp-json\/wp\/v2\/comments?post=4385"}],"version-history":[{"count":1,"href":"https:\/\/aipowerrecruiter.com\/pl\/wp-json\/wp\/v2\/pages\/4385\/revisions"}],"predecessor-version":[{"id":4386,"href":"https:\/\/aipowerrecruiter.com\/pl\/wp-json\/wp\/v2\/pages\/4385\/revisions\/4386"}],"wp:attachment":[{"href":"https:\/\/aipowerrecruiter.com\/pl\/wp-json\/wp\/v2\/media?parent=4385"}],"curies":[{"name":"wp","href":"https:\/\/api.w.org\/{rel}","templated":true}]}}