{"id":3653,"date":"2025-09-17T09:18:28","date_gmt":"2025-09-17T07:18:28","guid":{"rendered":"https:\/\/aipowerrecruiter.com\/pl\/?page_id=3653"},"modified":"2025-10-24T14:08:27","modified_gmt":"2025-10-24T12:08:27","slug":"warunki-korzystania","status":"publish","type":"page","link":"https:\/\/aipowerrecruiter.com\/pl\/warunki-korzystania\/","title":{"rendered":"Warunki korzystania"},"content":{"rendered":"\n<div class=\"wp-block-group has-global-padding is-layout-constrained wp-container-core-group-is-layout-bea02a06 wp-block-group-is-layout-constrained\">\n<h3 class=\"wp-block-heading\"><strong>\u015awiadczenie us\u0142ug<\/strong><\/h3>\n\n\n\n<ul class=\"wp-block-list\">\n<li><a href=\"https:\/\/asaricrm.com\/regulamin_01102025.pdf\" data-type=\"link\" data-id=\"https:\/\/asaricrm.com\/regulamin.pdf\" target=\"_blank\" rel=\"noreferrer noopener\">Regulamin us\u0142ug ASARI <em>(z dn. 01.10.2025)<\/em><\/a><\/li>\n<\/ul>\n\n\n\n<h3 class=\"wp-block-heading\"><strong>Ochrona danych osobowych<\/strong><\/h3>\n\n\n\n<ul class=\"wp-block-list\">\n<li><a href=\"https:\/\/asaricrm.com\/umowa-powierzenia.pdf\" data-type=\"link\" data-id=\"https:\/\/asaricrm.com\/umowa-powierzenia.pdf\" target=\"_blank\" rel=\"noopener\">Umowa powierzenia przetwarzania danych osobowych<\/a><\/li>\n<\/ul>\n\n\n\n<h3 class=\"wp-block-heading\"><strong>Inne<\/strong><\/h3>\n\n\n\n<ul class=\"wp-block-list\">\n<li><a href=\"https:\/\/aipowerrecruiter.com\/pl\/polityka-prywatnosci\/\" data-type=\"page\" data-id=\"9419\">Polityka prywatno\u015bci<\/a><\/li>\n\n\n\n<li><a href=\"https:\/\/aipowerrecruiter.com\/pl\/polityka-plikow-cookie\/\" data-type=\"page\" data-id=\"17850\">Polityka plik\u00f3w cookie<\/a><\/li>\n\n\n\n<li><a href=\"https:\/\/aipowerrecruiter.com\/pl\/polityka-mediow-spolecznosciowych\/\" data-type=\"page\" data-id=\"4385\">Polityka medi\u00f3w spo\u0142eczno\u015bciowych<\/a><\/li>\n<\/ul>\n\n\n\n<div style=\"height:4rem\" aria-hidden=\"true\" class=\"wp-block-spacer\"><\/div>\n<\/div>\n","protected":false},"excerpt":{"rendered":"<p>\u015awiadczenie us\u0142ug Ochrona danych osobowych Inne<\/p>\n","protected":false},"author":3,"featured_media":0,"parent":0,"menu_order":0,"comment_status":"closed","ping_status":"closed","template":"","meta":{"_beeclear_ctt_text":"Kluczowe dokumenty reguluj\u0105ce prac\u0119 z naszymi narz\u0119dziami, obs\u0142ug\u0119 klienta i dzia\u0142anie stron WWW","_beeclear_ctt_class":"","_beeclear_ctt_element":"p","_beeclear_ctt_is_custom_code":false,"inline_featured_image":false,"footnotes":""},"class_list":["post-3653","page","type-page","status-publish","hentry"],"_links":{"self":[{"href":"https:\/\/aipowerrecruiter.com\/pl\/wp-json\/wp\/v2\/pages\/3653","targetHints":{"allow":["GET"]}}],"collection":[{"href":"https:\/\/aipowerrecruiter.com\/pl\/wp-json\/wp\/v2\/pages"}],"about":[{"href":"https:\/\/aipowerrecruiter.com\/pl\/wp-json\/wp\/v2\/types\/page"}],"author":[{"embeddable":true,"href":"https:\/\/aipowerrecruiter.com\/pl\/wp-json\/wp\/v2\/users\/3"}],"replies":[{"embeddable":true,"href":"https:\/\/aipowerrecruiter.com\/pl\/wp-json\/wp\/v2\/comments?post=3653"}],"version-history":[{"count":18,"href":"https:\/\/aipowerrecruiter.com\/pl\/wp-json\/wp\/v2\/pages\/3653\/revisions"}],"predecessor-version":[{"id":4388,"href":"https:\/\/aipowerrecruiter.com\/pl\/wp-json\/wp\/v2\/pages\/3653\/revisions\/4388"}],"wp:attachment":[{"href":"https:\/\/aipowerrecruiter.com\/pl\/wp-json\/wp\/v2\/media?parent=3653"}],"curies":[{"name":"wp","href":"https:\/\/api.w.org\/{rel}","templated":true}]}}