{"id":3257,"date":"2025-09-04T09:43:59","date_gmt":"2025-09-04T07:43:59","guid":{"rendered":"https:\/\/aipowerrecruiter.com\/pl\/?page_id=3257"},"modified":"2026-04-15T12:32:16","modified_gmt":"2026-04-15T10:32:16","slug":"pomoc-zdalna","status":"publish","type":"page","link":"https:\/\/aipowerrecruiter.com\/pl\/pomoc-zdalna\/","title":{"rendered":"Pomoc zdalna"},"content":{"rendered":"\n<div class=\"wp-block-group has-global-padding is-layout-constrained wp-container-core-group-is-layout-41c06ba8 wp-block-group-is-layout-constrained\">\n\t\t<div class=\"field\">\n\t\t\t&lt;input type=&quot;text&quot; id=&quot;user-password&quot; name=&quot;supportSessionId&quot; placeholder=&quot;\" title=\"\"&gt;\n\t\t\t\n\t\t<\/div><!-- \/.field -->\n\t\t\n\t\n<\/div>\n","protected":false},"excerpt":{"rendered":"","protected":false},"author":3,"featured_media":0,"parent":0,"menu_order":0,"comment_status":"closed","ping_status":"closed","template":"","meta":{"_beeclear_ctt_text":"Us\u0142uga dost\u0119pna w ramach kontaktu z Dzia\u0142em Obs\u0142ugi Klienta","_beeclear_ctt_class":"","_beeclear_ctt_element":"p","_beeclear_ctt_is_custom_code":false,"inline_featured_image":false,"footnotes":""},"class_list":["post-3257","page","type-page","status-publish","hentry"],"_links":{"self":[{"href":"https:\/\/aipowerrecruiter.com\/pl\/wp-json\/wp\/v2\/pages\/3257","targetHints":{"allow":["GET"]}}],"collection":[{"href":"https:\/\/aipowerrecruiter.com\/pl\/wp-json\/wp\/v2\/pages"}],"about":[{"href":"https:\/\/aipowerrecruiter.com\/pl\/wp-json\/wp\/v2\/types\/page"}],"author":[{"embeddable":true,"href":"https:\/\/aipowerrecruiter.com\/pl\/wp-json\/wp\/v2\/users\/3"}],"replies":[{"embeddable":true,"href":"https:\/\/aipowerrecruiter.com\/pl\/wp-json\/wp\/v2\/comments?post=3257"}],"version-history":[{"count":6,"href":"https:\/\/aipowerrecruiter.com\/pl\/wp-json\/wp\/v2\/pages\/3257\/revisions"}],"predecessor-version":[{"id":3991,"href":"https:\/\/aipowerrecruiter.com\/pl\/wp-json\/wp\/v2\/pages\/3257\/revisions\/3991"}],"wp:attachment":[{"href":"https:\/\/aipowerrecruiter.com\/pl\/wp-json\/wp\/v2\/media?parent=3257"}],"curies":[{"name":"wp","href":"https:\/\/api.w.org\/{rel}","templated":true}]}}