{"id":2992,"date":"2025-08-29T09:44:12","date_gmt":"2025-08-29T07:44:12","guid":{"rendered":"https:\/\/aipowerrecruiter.com\/pl\/?page_id=2992"},"modified":"2025-10-03T13:21:50","modified_gmt":"2025-10-03T11:21:50","slug":"zgloszenia-techniczne","status":"publish","type":"page","link":"https:\/\/aipowerrecruiter.com\/pl\/zgloszenia-techniczne\/","title":{"rendered":"Zg\u0142oszenia techniczne"},"content":{"rendered":"\n<div class=\"wp-block-group has-global-padding is-layout-constrained wp-container-core-group-is-layout-41c06ba8 wp-block-group-is-layout-constrained\">\n<div class=\"wpcf7 no-js\" id=\"wpcf7-f2993-o1\" lang=\"pl-PL\" dir=\"ltr\" data-wpcf7-id=\"2993\">\n<div class=\"screen-reader-response\"><p role=\"status\" aria-live=\"polite\" aria-atomic=\"true\"><\/p> <ul><\/ul><\/div>\n<form action=\"\/pl\/wp-json\/wp\/v2\/pages\/2992#wpcf7-f2993-o1\" method=\"post\" class=\"wpcf7-form init\" aria-label=\"Formularz kontaktowy\" enctype=\"multipart\/form-data\" novalidate=\"novalidate\" data-status=\"init\">\n<fieldset class=\"hidden-fields-container\"><input type=\"hidden\" name=\"_wpcf7\" value=\"2993\" \/><input type=\"hidden\" name=\"_wpcf7_version\" value=\"6.1.5\" \/><input type=\"hidden\" name=\"_wpcf7_locale\" value=\"pl_PL\" \/><input type=\"hidden\" name=\"_wpcf7_unit_tag\" value=\"wpcf7-f2993-o1\" \/><input type=\"hidden\" name=\"_wpcf7_container_post\" value=\"0\" \/><input type=\"hidden\" name=\"_wpcf7_posted_data_hash\" value=\"\" \/><input type=\"hidden\" name=\"_uacf7_hidden_conditional_fields\" value=\"\" \/><input type=\"hidden\" name=\"_wpcf7_recaptcha_response\" value=\"\" \/>\n<\/fieldset>\n<div class=\"uacf7-form-wrapper-container uacf7-form-2993  \"><div class=\"inputs\">\n        <label>Czego dotyczy zg\u0142oszenie?<\/label>\n        <span class=\"wpcf7-form-control-wrap\" data-name=\"menu_report_type\"><select class=\"wpcf7-form-control wpcf7-select\" aria-invalid=\"false\" name=\"menu_report_type\"><option value=\"Propozycja nowej funkcji\">Propozycja nowej funkcji<\/option><option value=\"B\u0142\u0105d w dzia\u0142aniu aplikacji\">B\u0142\u0105d w dzia\u0142aniu aplikacji<\/option><option value=\"Pytanie og\u00f3lne\">Pytanie og\u00f3lne<\/option><\/select><\/span>\n\n        <div class=\"uacf7_conditional conditional_technical_report\">\n \n            <label>Na jakim urz\u0105dzeniu wyst\u0105pi\u0142 b\u0142\u0105d?<\/label>\n            <span class=\"wpcf7-form-control-wrap\" data-name=\"menu_device\"><span class=\"wpcf7-form-control wpcf7-checkbox\"><span class=\"wpcf7-list-item first\"><input type=\"checkbox\" name=\"menu_device[]\" value=\"Komputer\" \/><span class=\"wpcf7-list-item-label\">Komputer<\/span><\/span><span class=\"wpcf7-list-item\"><input type=\"checkbox\" name=\"menu_device[]\" value=\"Tablet\" \/><span class=\"wpcf7-list-item-label\">Tablet<\/span><\/span><span class=\"wpcf7-list-item last\"><input type=\"checkbox\" name=\"menu_device[]\" value=\"Telefon\" \/><span class=\"wpcf7-list-item-label\">Telefon<\/span><\/span><\/span><\/span>\n\n            <label>Na jakich systemach operacyjnych wyst\u0105pi\u0142 b\u0142\u0105d?<\/label>\n            <span class=\"wpcf7-form-control-wrap\" data-name=\"menu_system\"><span class=\"wpcf7-form-control wpcf7-checkbox\"><span class=\"wpcf7-list-item first\"><input type=\"checkbox\" name=\"menu_system[]\" value=\"Windows\" \/><span class=\"wpcf7-list-item-label\">Windows<\/span><\/span><span class=\"wpcf7-list-item\"><input type=\"checkbox\" name=\"menu_system[]\" value=\"Linux\" \/><span class=\"wpcf7-list-item-label\">Linux<\/span><\/span><span class=\"wpcf7-list-item\"><input type=\"checkbox\" name=\"menu_system[]\" value=\"iOS\" \/><span class=\"wpcf7-list-item-label\">iOS<\/span><\/span><span class=\"wpcf7-list-item\"><input type=\"checkbox\" name=\"menu_system[]\" value=\"Android\" \/><span class=\"wpcf7-list-item-label\">Android<\/span><\/span><span class=\"wpcf7-list-item last\"><input type=\"checkbox\" name=\"menu_system[]\" value=\"Inny\" \/><span class=\"wpcf7-list-item-label\">Inny<\/span><\/span><\/span><\/span>\n            <div class=\"uacf7_conditional conditional-system-type\"><span class=\"wpcf7-form-control-wrap\" data-name=\"text-system-name\"><input size=\"40\" maxlength=\"400\" class=\"wpcf7-form-control wpcf7-text\" aria-invalid=\"false\" placeholder=\"Podaj nazw\u0119 systemu\" value=\"\" type=\"text\" name=\"text-system-name\" \/><\/span><\/div>\n\n            <label>Na jakiej przegl\u0105darce wyst\u0105pi\u0142 b\u0142\u0105d?<\/label>\n            <span class=\"wpcf7-form-control-wrap\" data-name=\"checkbox_browser\"><span class=\"wpcf7-form-control wpcf7-checkbox\"><span class=\"wpcf7-list-item first\"><label><input type=\"checkbox\" name=\"checkbox_browser[]\" value=\"Chrome\" \/><span class=\"wpcf7-list-item-label\">Chrome<\/span><\/label><\/span><span class=\"wpcf7-list-item\"><label><input type=\"checkbox\" name=\"checkbox_browser[]\" value=\"Safari\" \/><span class=\"wpcf7-list-item-label\">Safari<\/span><\/label><\/span><span class=\"wpcf7-list-item\"><label><input type=\"checkbox\" name=\"checkbox_browser[]\" value=\"Firefox\" \/><span class=\"wpcf7-list-item-label\">Firefox<\/span><\/label><\/span><span class=\"wpcf7-list-item\"><label><input type=\"checkbox\" name=\"checkbox_browser[]\" value=\"Opera\" \/><span class=\"wpcf7-list-item-label\">Opera<\/span><\/label><\/span><span class=\"wpcf7-list-item last\"><label><input type=\"checkbox\" name=\"checkbox_browser[]\" value=\"Inna\" \/><span class=\"wpcf7-list-item-label\">Inna<\/span><\/label><\/span><\/span><\/span>\n            <div class=\"uacf7_conditional conditional-browser-type\"><span class=\"wpcf7-form-control-wrap\" data-name=\"text-browser-name\"><input size=\"40\" maxlength=\"400\" class=\"wpcf7-form-control wpcf7-text\" aria-invalid=\"false\" placeholder=\"Podaj nazw\u0119 przegl\u0105darki\" value=\"\" type=\"text\" name=\"text-browser-name\" \/><\/span><\/div>\n\n            <label>Podaj nazw\u0119 u\u017cytkownika (adres e-mail), na kt\u00f3rego koncie zauwa\u017cono b\u0142\u0105d.<\/label>\n            <span class=\"wpcf7-form-control-wrap\" data-name=\"email-441\"><input size=\"40\" maxlength=\"400\" class=\"wpcf7-form-control wpcf7-email wpcf7-text wpcf7-validates-as-email\" aria-invalid=\"false\" placeholder=\"np.: jan.kowalski@aipowerrecruiter.com\" value=\"\" type=\"email\" name=\"email-441\" \/><\/span>\n\n            <label>Podaj dat\u0119 wyst\u0105pienia b\u0142\u0119du.<\/label>\n            <span class=\"wpcf7-form-control-wrap\" data-name=\"date-924\"><input class=\"wpcf7-form-control wpcf7-date wpcf7-validates-as-date\" aria-invalid=\"false\" value=\"\" type=\"date\" name=\"date-924\" \/><\/span>\n\n            <label>Podaj godzin\u0119 wyst\u0105pienia b\u0142\u0119du.<\/label>\n            <span class=\"wpcf7-form-control-wrap\" data-name=\"text-356\"><input size=\"40\" maxlength=\"400\" class=\"wpcf7-form-control wpcf7-text\" aria-invalid=\"false\" placeholder=\"np.: 13:30\" value=\"\" type=\"text\" name=\"text-356\" \/><\/span>\n\n            <label>Kt\u00f3ry z poni\u017cszych program\u00f3w jest zainstalowany na urz\u0105dzeniu, na kt\u00f3rym wyst\u0105pi\u0142 b\u0142\u0105d?<\/label>\n            <span class=\"wpcf7-form-control-wrap\" data-name=\"checkbox-657\"><span class=\"wpcf7-form-control wpcf7-checkbox\"><span class=\"wpcf7-list-item first\"><label><input type=\"checkbox\" name=\"checkbox-657[]\" value=\"Program antywirusowy\" \/><span class=\"wpcf7-list-item-label\">Program antywirusowy<\/span><\/label><\/span><span class=\"wpcf7-list-item\"><label><input type=\"checkbox\" name=\"checkbox-657[]\" value=\"Program typu firewall\" \/><span class=\"wpcf7-list-item-label\">Program typu firewall<\/span><\/label><\/span><span class=\"wpcf7-list-item last\"><label><input type=\"checkbox\" name=\"checkbox-657[]\" value=\"Program typu adblock\" \/><span class=\"wpcf7-list-item-label\">Program typu adblock<\/span><\/label><\/span><\/span><\/span>\n\n            <label>Czy b\u0142\u0105d wyst\u0119puje na innych urz\u0105dzeniach?<\/label>\n            <span class=\"wpcf7-form-control-wrap\" data-name=\"checkbox_errors-other-devices\"><span class=\"wpcf7-form-control wpcf7-checkbox wpcf7-exclusive-checkbox\"><span class=\"wpcf7-list-item first\"><input type=\"checkbox\" name=\"checkbox_errors-other-devices\" value=\"Tak\" \/><span class=\"wpcf7-list-item-label\">Tak<\/span><\/span><span class=\"wpcf7-list-item\"><input type=\"checkbox\" name=\"checkbox_errors-other-devices\" value=\"Nie\" \/><span class=\"wpcf7-list-item-label\">Nie<\/span><\/span><span class=\"wpcf7-list-item last\"><input type=\"checkbox\" name=\"checkbox_errors-other-devices\" value=\"Nie wiem\" \/><span class=\"wpcf7-list-item-label\">Nie wiem<\/span><\/span><\/span><\/span>\n\n            <label>Czy b\u0142\u0105d wyst\u0119puje na innych przegl\u0105darkach?<\/label>\n            <span class=\"wpcf7-form-control-wrap\" data-name=\"checkbox_errors-other-browsers\"><span class=\"wpcf7-form-control wpcf7-checkbox wpcf7-exclusive-checkbox\"><span class=\"wpcf7-list-item first\"><input type=\"checkbox\" name=\"checkbox_errors-other-browsers\" value=\"Tak\" \/><span class=\"wpcf7-list-item-label\">Tak<\/span><\/span><span class=\"wpcf7-list-item\"><input type=\"checkbox\" name=\"checkbox_errors-other-browsers\" value=\"Nie\" \/><span class=\"wpcf7-list-item-label\">Nie<\/span><\/span><span class=\"wpcf7-list-item last\"><input type=\"checkbox\" name=\"checkbox_errors-other-browsers\" value=\"Nie wiem\" \/><span class=\"wpcf7-list-item-label\">Nie wiem<\/span><\/span><\/span><\/span>\n\n            <label>Czy b\u0142\u0105d wyst\u0105pi\u0142 ponownie po od\u015bwie\u017ceniu przegl\u0105darki?<\/label>\n            <span class=\"wpcf7-form-control-wrap\" data-name=\"checkbox_error-page-refresh\"><span class=\"wpcf7-form-control wpcf7-checkbox wpcf7-exclusive-checkbox\"><span class=\"wpcf7-list-item first\"><input type=\"checkbox\" name=\"checkbox_error-page-refresh\" value=\"Tak\" \/><span class=\"wpcf7-list-item-label\">Tak<\/span><\/span><span class=\"wpcf7-list-item\"><input type=\"checkbox\" name=\"checkbox_error-page-refresh\" value=\"Nie\" \/><span class=\"wpcf7-list-item-label\">Nie<\/span><\/span><span class=\"wpcf7-list-item last\"><input type=\"checkbox\" name=\"checkbox_error-page-refresh\" value=\"Nie wiem\" \/><span class=\"wpcf7-list-item-label\">Nie wiem<\/span><\/span><\/span><\/span>\n\n            <label>Czy b\u0142\u0105d wyst\u0119puje na kontach innych u\u017cytkownik\u00f3w?<\/label>\n            <span class=\"wpcf7-form-control-wrap\" data-name=\"checkbox_error-other-accounts\"><span class=\"wpcf7-form-control wpcf7-checkbox wpcf7-exclusive-checkbox\"><span class=\"wpcf7-list-item first\"><input type=\"checkbox\" name=\"checkbox_error-other-accounts\" value=\"Tak\" \/><span class=\"wpcf7-list-item-label\">Tak<\/span><\/span><span class=\"wpcf7-list-item\"><input type=\"checkbox\" name=\"checkbox_error-other-accounts\" value=\"Nie\" \/><span class=\"wpcf7-list-item-label\">Nie<\/span><\/span><span class=\"wpcf7-list-item last\"><input type=\"checkbox\" name=\"checkbox_error-other-accounts\" value=\"Nie wiem\" \/><span class=\"wpcf7-list-item-label\">Nie wiem<\/span><\/span><\/span><\/span>\n\n            <label>W jaki spos\u00f3b urz\u0105dzenie, na kt\u00f3rym wyst\u0105pi\u0142 b\u0142\u0105d \u0142\u0105czy si\u0119 z Internetem?<\/label>\n            <span class=\"wpcf7-form-control-wrap\" data-name=\"checkbox_device-Internet-connection\"><span class=\"wpcf7-form-control wpcf7-checkbox wpcf7-exclusive-checkbox\"><span class=\"wpcf7-list-item first\"><input type=\"checkbox\" name=\"checkbox_device-Internet-connection\" value=\"Bezprzewodowo (Wi-Fi)\" \/><span class=\"wpcf7-list-item-label\">Bezprzewodowo (Wi-Fi)<\/span><\/span><span class=\"wpcf7-list-item\"><input type=\"checkbox\" name=\"checkbox_device-Internet-connection\" value=\"Bezprzewodowo (Sie\u0107 kom\u00f3rkowa)\" \/><span class=\"wpcf7-list-item-label\">Bezprzewodowo (Sie\u0107 kom\u00f3rkowa)<\/span><\/span><span class=\"wpcf7-list-item last\"><input type=\"checkbox\" name=\"checkbox_device-Internet-connection\" value=\"Za pomoc\u0105 kabla\" \/><span class=\"wpcf7-list-item-label\">Za pomoc\u0105 kabla<\/span><\/span><\/span><\/span>\n\n            <label>Opisz na czym polega Tw\u00f3j problem<\/label>\n            <span class=\"wpcf7-form-control-wrap\" data-name=\"textarea-687\"><textarea cols=\"40\" rows=\"5\" maxlength=\"2000\" class=\"wpcf7-form-control wpcf7-textarea wpcf7-validates-as-required\" aria-required=\"true\" aria-invalid=\"false\" placeholder=\"Im wi\u0119cej informacji nam udzielisz, tym \u0142atwiej b\u0119dzi nam Ci pom\u00f3c\" name=\"textarea-687\"><\/textarea><\/span>\n\n\n        <\/div>\n\n        <div class=\"uacf7_conditional conditional_new_function\">\n            <label> Opisz swoj\u0105 propozycj\u0119<\/label>\n            <span class=\"wpcf7-form-control-wrap\" data-name=\"new_function_description\"><textarea cols=\"40\" rows=\"5\" maxlength=\"2000\" class=\"wpcf7-form-control wpcf7-textarea wpcf7-validates-as-required\" aria-required=\"true\" aria-invalid=\"false\" name=\"new_function_description\"><\/textarea><\/span>\n        <\/div>\n\n\n\n        <div class=\"uacf7_conditional conditional_general_question\">\n\n            <label> Twoje pytanie<\/label>\n            <span class=\"wpcf7-form-control-wrap\" data-name=\"general_question\"><textarea cols=\"40\" rows=\"5\" maxlength=\"2000\" class=\"wpcf7-form-control wpcf7-textarea wpcf7-validates-as-required\" aria-required=\"true\" aria-invalid=\"false\" name=\"general_question\"><\/textarea><\/span>\n\n        <\/div>\n\n        <label> Jak si\u0119 z Tob\u0105 skontaktowa\u0107 w sprawie zg\u0142oszenia?<\/label>\n        <div class=\"inputs-row\">\n            <span class=\"wpcf7-form-control-wrap\" data-name=\"your-email\"><input size=\"40\" maxlength=\"400\" class=\"wpcf7-form-control wpcf7-email wpcf7-validates-as-required wpcf7-text wpcf7-validates-as-email\" aria-required=\"true\" aria-invalid=\"false\" placeholder=\"Adres e-mail\" value=\"\" type=\"email\" name=\"your-email\" \/><\/span>\n            <span class=\"wpcf7-form-control-wrap\" data-name=\"your-phone\"><input size=\"40\" maxlength=\"400\" class=\"wpcf7-form-control wpcf7-tel wpcf7-text wpcf7-validates-as-tel\" aria-invalid=\"false\" placeholder=\"Telefon\" value=\"\" type=\"tel\" name=\"your-phone\" \/><\/span>\n        <\/div>\n<label> Za\u0142\u0105cz zrzut ekranu je\u015bli go posiadasz<\/label>\n<span class=\"wpcf7-form-control-wrap\" data-name=\"file-685\"><input size=\"40\" class=\"wpcf7-form-control wpcf7-file\" accept=\".jpg,.jpeg,.png,.webp\" aria-invalid=\"false\" type=\"file\" name=\"file-685\" \/><\/span>\n<div class=\"spinner-container\">\n<input class=\"wpcf7-form-control wpcf7-submit has-spinner\" type=\"submit\" value=\"Wy\u015blij\" \/>\n<\/div>    \n<\/div><\/div><div class=\"wpcf7-response-output\" aria-hidden=\"true\"><\/div>\n<\/form>\n<\/div>\n\n\n\n<p class=\"popup-admin-info\">Administrator (ASARI) przetwarza dane w celu obs\u0142ugi zg\u0142oszenia. Wi\u0119cej informacji, w tym o przys\u0142uguj\u0105cych prawach, znajdziesz <a href=\"https:\/\/aipowerrecruiter.com\/pl\/polityka-prywatnosci\/\" rel=\"noindex\">tutaj<\/a>.<\/p>\n<\/div>\n","protected":false},"excerpt":{"rendered":"","protected":false},"author":3,"featured_media":0,"parent":0,"menu_order":0,"comment_status":"closed","ping_status":"closed","template":"","meta":{"_beeclear_ctt_text":"Skorzystaj z formularza, by uzyska\u0107 pomoc","_beeclear_ctt_class":"","_beeclear_ctt_element":"p","_beeclear_ctt_is_custom_code":false,"inline_featured_image":false,"footnotes":""},"class_list":["post-2992","page","type-page","status-publish","hentry"],"_links":{"self":[{"href":"https:\/\/aipowerrecruiter.com\/pl\/wp-json\/wp\/v2\/pages\/2992","targetHints":{"allow":["GET"]}}],"collection":[{"href":"https:\/\/aipowerrecruiter.com\/pl\/wp-json\/wp\/v2\/pages"}],"about":[{"href":"https:\/\/aipowerrecruiter.com\/pl\/wp-json\/wp\/v2\/types\/page"}],"author":[{"embeddable":true,"href":"https:\/\/aipowerrecruiter.com\/pl\/wp-json\/wp\/v2\/users\/3"}],"replies":[{"embeddable":true,"href":"https:\/\/aipowerrecruiter.com\/pl\/wp-json\/wp\/v2\/comments?post=2992"}],"version-history":[{"count":3,"href":"https:\/\/aipowerrecruiter.com\/pl\/wp-json\/wp\/v2\/pages\/2992\/revisions"}],"predecessor-version":[{"id":3992,"href":"https:\/\/aipowerrecruiter.com\/pl\/wp-json\/wp\/v2\/pages\/2992\/revisions\/3992"}],"wp:attachment":[{"href":"https:\/\/aipowerrecruiter.com\/pl\/wp-json\/wp\/v2\/media?parent=2992"}],"curies":[{"name":"wp","href":"https:\/\/api.w.org\/{rel}","templated":true}]}}