{"id":2751,"date":"2025-06-10T14:32:07","date_gmt":"2025-06-10T12:32:07","guid":{"rendered":"https:\/\/aipowerrecruiter.com\/pl\/?page_id=2751"},"modified":"2026-02-10T18:00:01","modified_gmt":"2026-02-10T17:00:01","slug":"uzyskaj-dostep","status":"publish","type":"page","link":"https:\/\/aipowerrecruiter.com\/pl\/uzyskaj-dostep\/","title":{"rendered":"Zostaw dane i uzyskaj dost\u0119p"},"content":{"rendered":"\n<div class=\"wp-block-group signup has-global-padding is-layout-constrained wp-container-core-group-is-layout-2725d355 wp-block-group-is-layout-constrained\" style=\"margin-top:0;margin-bottom:0;padding-top:0;padding-right:0;padding-bottom:0;padding-left:0\">\n<div id=\"form\" class=\"wp-block-group has-global-padding is-layout-constrained wp-container-core-group-is-layout-f2b8ca07 wp-block-group-is-layout-constrained\" style=\"margin-top:var(--wp--preset--spacing--superbspacing-small);margin-bottom:var(--wp--preset--spacing--superbspacing-small);padding-right:var(--wp--preset--spacing--superbspacing-small);padding-left:var(--wp--preset--spacing--superbspacing-small)\">\n<div class=\"wp-block-cover\" style=\"border-radius:2rem;padding-top:0;padding-right:0;padding-bottom:0;padding-left:0\"><span aria-hidden=\"true\" class=\"wp-block-cover__background has-background-dim-100 has-background-dim has-background-gradient has-custom-main-section-gradient-background\"><\/span><div class=\"wp-block-cover__inner-container has-global-padding is-layout-constrained wp-container-core-cover-is-layout-62e09f76 wp-block-cover-is-layout-constrained\">\n<div class=\"wp-block-group has-global-padding is-layout-constrained wp-container-core-group-is-layout-a555d580 wp-block-group-is-layout-constrained\" style=\"padding-top:var(--wp--preset--spacing--superbspacing-medium);padding-right:var(--wp--preset--spacing--superbspacing-xlarge);padding-bottom:var(--wp--preset--spacing--superbspacing-medium);padding-left:var(--wp--preset--spacing--superbspacing-xlarge)\">\n<figure class=\"wp-block-image aligncenter size-large is-resized\"><a href=\"https:\/\/aipowerrecruiter.com\/pl\/\" target=\"_blank\" rel=\"noopener\"><img decoding=\"async\" src=\"https:\/\/aipowerrecruiter.com\/pl\/wp-content\/themes\/newspaper-builder\/images\/elements\/logo-aipowerrecruiter-white.svg\" alt=\"Power Recruiter\" class=\"wp-image-1542\" style=\"object-fit:contain;width:200px;height:50px\"\/ loading=\"lazy\"><\/a><\/figure>\n\n\n\n<div style=\"height:1.6rem\" aria-hidden=\"true\" class=\"wp-block-spacer\"><\/div>\n\n\n\n<h1 class=\"wp-block-heading has-text-align-center has-base-color has-text-color has-link-color wp-elements-7826fcde4b97f638fc190aae97f16d97\" style=\"font-size:clamp(20px, 1.25rem + ((1vw - 3.2px) * 0.938), 32px);\">Zostaw dane i uzyskaj dost\u0119p<\/h1>\n\n\n\n<div style=\"height:1rem\" aria-hidden=\"true\" class=\"wp-block-spacer\"><\/div>\n\n\n\n<p class=\"has-text-align-center has-contrast-light-color has-text-color has-link-color wp-elements-d7466e4e71dc223e2c5c0d67b0035396\">Wype\u0142nij formularz i uzyskaj dost\u0119p do <strong>AI Power Recruiter<\/strong> &#8211; <br>systemu rekrutacyjnego w pe\u0142ni <strong>nap\u0119dzanego sztuczn\u0105 inteligencj\u0105<\/strong>.<\/p>\n\n\n\n<div style=\"height:2rem\" aria-hidden=\"true\" class=\"wp-block-spacer\"><\/div>\n\n\n\n<div class=\"wp-block-group has-global-padding is-layout-constrained wp-container-core-group-is-layout-0de311d3 wp-block-group-is-layout-constrained\" style=\"padding-right:0;padding-left:0\">\n<div class=\"wpcf7 no-js\" id=\"wpcf7-f2750-o1\" lang=\"pl-PL\" dir=\"ltr\" data-wpcf7-id=\"2750\">\n<div class=\"screen-reader-response\"><p role=\"status\" aria-live=\"polite\" aria-atomic=\"true\"><\/p> <ul><\/ul><\/div>\n<form action=\"\/pl\/wp-json\/wp\/v2\/pages\/2751#wpcf7-f2750-o1\" method=\"post\" class=\"wpcf7-form init\" id=\"register\" aria-label=\"Formularz kontaktowy\" novalidate=\"novalidate\" data-status=\"init\">\n<fieldset class=\"hidden-fields-container\"><input type=\"hidden\" name=\"_wpcf7\" value=\"2750\" \/><input type=\"hidden\" name=\"_wpcf7_version\" value=\"6.1.5\" \/><input type=\"hidden\" name=\"_wpcf7_locale\" value=\"pl_PL\" \/><input type=\"hidden\" name=\"_wpcf7_unit_tag\" value=\"wpcf7-f2750-o1\" \/><input type=\"hidden\" name=\"_wpcf7_container_post\" value=\"0\" \/><input type=\"hidden\" name=\"_wpcf7_posted_data_hash\" value=\"\" \/><input type=\"hidden\" name=\"_uacf7_hidden_conditional_fields\" value=\"\" \/><input type=\"hidden\" name=\"_wpcf7_recaptcha_response\" value=\"\" \/>\n<\/fieldset>\n<div class=\"uacf7-form-wrapper-container uacf7-form-2750  \"><div class=\"inputs\">\n<div class=\"inputs-row\"><span class=\"wpcf7-form-control-wrap\" data-name=\"email\"><input size=\"40\" maxlength=\"400\" class=\"wpcf7-form-control wpcf7-email wpcf7-validates-as-required wpcf7-text wpcf7-validates-as-email text-input\" aria-required=\"true\" aria-invalid=\"false\" placeholder=\"Adres e-mail\" value=\"\" type=\"email\" name=\"email\" \/><\/span> <span class=\"wpcf7-form-control-wrap\" data-name=\"phone_number\"><input size=\"40\" maxlength=\"400\" class=\"wpcf7-form-control wpcf7-tel wpcf7-validates-as-required wpcf7-text wpcf7-validates-as-tel\" aria-required=\"true\" aria-invalid=\"false\" placeholder=\"Numer telefonu\" value=\"\" type=\"tel\" name=\"phone_number\" \/><\/span><\/div>\n<\/div>\n<div class=\"spinner-container\">\n<input class=\"wpcf7-form-control wpcf7-submit has-spinner\" type=\"submit\" value=\"Wy\u015blij\" \/>\n<\/div>\n<div class=\"form-consent\">\n<p class=\"consent-own-content\"><\/p>\n<div>\n<span class=\"wpcf7-form-control-wrap\" data-name=\"checkbox-316\"><span class=\"wpcf7-form-control wpcf7-checkbox\"><span class=\"wpcf7-list-item first last\"><label><input type=\"checkbox\" name=\"checkbox-316[]\" value=\"wiadomo\u015bci e-mail\" \/><span class=\"wpcf7-list-item-label\">wiadomo\u015bci e-mail<\/span><\/label><\/span><\/span><\/span>\n<span class=\"wpcf7-form-control-wrap\" data-name=\"checkbox-326\"><span class=\"wpcf7-form-control wpcf7-checkbox\"><span class=\"wpcf7-list-item first last\"><label><input type=\"checkbox\" name=\"checkbox-326[]\" value=\"wiadomo\u015bci SMS\/MMS\" \/><span class=\"wpcf7-list-item-label\">wiadomo\u015bci SMS\/MMS<\/span><\/label><\/span><\/span><\/span>\n<span class=\"wpcf7-form-control-wrap\" data-name=\"checkbox-336\"><span class=\"wpcf7-form-control wpcf7-checkbox\"><span class=\"wpcf7-list-item first last\"><label><input type=\"checkbox\" name=\"checkbox-336[]\" value=\"po\u0142\u0105cze\u0144 telefonicznych\" \/><span class=\"wpcf7-list-item-label\">po\u0142\u0105cze\u0144 telefonicznych<\/span><\/label><\/span><\/span><\/span>\n<\/div>\n<\/div><\/div><div class=\"wpcf7-response-output\" aria-hidden=\"true\"><\/div>\n<\/form>\n<\/div>\n\n\n\n<p class=\"popup-admin-info\">Administrator (ASARI) przetwarza dane w celu zawarcia umowy, a w przypadku wyra\u017cenia zg\u00f3d na otrzymywanie informacji handlowych w celu ich przekazania. W przypadku udzielenia zg\u00f3d na otrzymywanie informacji handlowych dotycz\u0105cych partner\u00f3w, dane przetwarzane s\u0105 w oparciu o zgody. Zgody s\u0105 dobrowolne i mo\u017cna je wycofa\u0107 w dowolnym momencie. Wycofanie zg\u00f3d nie wp\u0142ywa na zgodno\u015b\u0107 z prawem przekazywania informacji handlowych przed ich wycofaniem. Wi\u0119cej informacji, w tym o przys\u0142uguj\u0105cych prawach, znajdziesz <a href=\"https:\/\/aipowerrecruiter.com\/pl\/polityka-prywatnosci\/\" rel=\"noindex\">tutaj<\/a>.<\/p>\n<\/div>\n<\/div>\n<\/div><\/div>\n<\/div>\n<\/div>\n","protected":false},"excerpt":{"rendered":"","protected":false},"author":3,"featured_media":0,"parent":0,"menu_order":0,"comment_status":"closed","ping_status":"closed","template":"blank","meta":{"_beeclear_ctt_text":"","_beeclear_ctt_class":"","_beeclear_ctt_element":"p","_beeclear_ctt_is_custom_code":false,"inline_featured_image":false,"footnotes":""},"class_list":["post-2751","page","type-page","status-publish","hentry"],"_links":{"self":[{"href":"https:\/\/aipowerrecruiter.com\/pl\/wp-json\/wp\/v2\/pages\/2751","targetHints":{"allow":["GET"]}}],"collection":[{"href":"https:\/\/aipowerrecruiter.com\/pl\/wp-json\/wp\/v2\/pages"}],"about":[{"href":"https:\/\/aipowerrecruiter.com\/pl\/wp-json\/wp\/v2\/types\/page"}],"author":[{"embeddable":true,"href":"https:\/\/aipowerrecruiter.com\/pl\/wp-json\/wp\/v2\/users\/3"}],"replies":[{"embeddable":true,"href":"https:\/\/aipowerrecruiter.com\/pl\/wp-json\/wp\/v2\/comments?post=2751"}],"version-history":[{"count":30,"href":"https:\/\/aipowerrecruiter.com\/pl\/wp-json\/wp\/v2\/pages\/2751\/revisions"}],"predecessor-version":[{"id":4729,"href":"https:\/\/aipowerrecruiter.com\/pl\/wp-json\/wp\/v2\/pages\/2751\/revisions\/4729"}],"wp:attachment":[{"href":"https:\/\/aipowerrecruiter.com\/pl\/wp-json\/wp\/v2\/media?parent=2751"}],"curies":[{"name":"wp","href":"https:\/\/api.w.org\/{rel}","templated":true}]}}