{"id":2695,"date":"2025-04-23T13:08:57","date_gmt":"2025-04-23T11:08:57","guid":{"rendered":"https:\/\/aipowerrecruiter.com\/pl\/?page_id=2695"},"modified":"2025-09-18T16:05:41","modified_gmt":"2025-09-18T14:05:41","slug":"lista-partnerow","status":"publish","type":"page","link":"https:\/\/aipowerrecruiter.com\/pl\/lista-partnerow\/","title":{"rendered":"Lista partner\u00f3w"},"content":{"rendered":"\n<ul class=\"wp-block-list\">\n<li>SWO Sp. z o.o.<\/li>\n\n\n\n<li>Fream Sp. z o.o.<\/li>\n\n\n\n<li>Simpl Sp. z o.o.<\/li>\n\n\n\n<li>Gildia Trenerska<\/li>\n\n\n\n<li>Grupa OLX Sp. z o.o.<\/li>\n\n\n\n<li>Domiporta Sp. z o.o.<\/li>\n\n\n\n<li>PropertyGroup Sp. z o.o.<\/li>\n\n\n\n<li>Grupa Morizon-Gratka Sp. z o.o.<\/li>\n\n\n\n<li>Zachodniopomorskie Stowarzyszenie Po\u015brednik\u00f3w Obrotu Nieruchomo\u015bciami<\/li>\n<\/ul>\n\n\n\n<p class=\"has-text-align-right has-small-font-size\">Lista zosta\u0142a zaktualizowana 23.04.2025.<\/p>\n","protected":false},"excerpt":{"rendered":"<p>Lista zosta\u0142a zaktualizowana 23.04.2025.<\/p>\n","protected":false},"author":3,"featured_media":0,"parent":0,"menu_order":0,"comment_status":"closed","ping_status":"closed","template":"","meta":{"_beeclear_ctt_text":"","_beeclear_ctt_class":"","_beeclear_ctt_element":"","_beeclear_ctt_is_custom_code":false,"inline_featured_image":false,"footnotes":""},"class_list":["post-2695","page","type-page","status-publish","hentry"],"_links":{"self":[{"href":"https:\/\/aipowerrecruiter.com\/pl\/wp-json\/wp\/v2\/pages\/2695","targetHints":{"allow":["GET"]}}],"collection":[{"href":"https:\/\/aipowerrecruiter.com\/pl\/wp-json\/wp\/v2\/pages"}],"about":[{"href":"https:\/\/aipowerrecruiter.com\/pl\/wp-json\/wp\/v2\/types\/page"}],"author":[{"embeddable":true,"href":"https:\/\/aipowerrecruiter.com\/pl\/wp-json\/wp\/v2\/users\/3"}],"replies":[{"embeddable":true,"href":"https:\/\/aipowerrecruiter.com\/pl\/wp-json\/wp\/v2\/comments?post=2695"}],"version-history":[{"count":2,"href":"https:\/\/aipowerrecruiter.com\/pl\/wp-json\/wp\/v2\/pages\/2695\/revisions"}],"predecessor-version":[{"id":2697,"href":"https:\/\/aipowerrecruiter.com\/pl\/wp-json\/wp\/v2\/pages\/2695\/revisions\/2697"}],"wp:attachment":[{"href":"https:\/\/aipowerrecruiter.com\/pl\/wp-json\/wp\/v2\/media?parent=2695"}],"curies":[{"name":"wp","href":"https:\/\/api.w.org\/{rel}","templated":true}]}}