{"id":11,"date":"2013-12-10T15:39:58","date_gmt":"2013-12-10T14:39:58","guid":{"rendered":"http:\/\/asarikreatormodel.netgmx.pl\/?page_id=11"},"modified":"2025-10-10T12:41:52","modified_gmt":"2025-10-10T10:41:52","slug":"kontakt","status":"publish","type":"page","link":"https:\/\/aipowerrecruiter.com\/pl\/kontakt\/","title":{"rendered":"Kontakt"},"content":{"rendered":"\n<div class=\"wp-block-group has-global-padding is-layout-constrained wp-container-core-group-is-layout-5d3f46ef wp-block-group-is-layout-constrained\" style=\"padding-top:var(--wp--preset--spacing--superbspacing-medium);padding-right:var(--wp--preset--spacing--superbspacing-medium);padding-bottom:var(--wp--preset--spacing--superbspacing-large);padding-left:var(--wp--preset--spacing--superbspacing-medium)\">\n<div class=\"wp-block-group is-layout-grid wp-container-core-group-is-layout-6c68e375 wp-block-group-is-layout-grid\">\n<div class=\"wp-block-group has-global-padding is-layout-constrained wp-block-group-is-layout-constrained\">\n<figure class=\"wp-block-image aligncenter size-large is-resized\"><img decoding=\"async\" src=\"https:\/\/aipowerrecruiter.com\/pl\/wp-content\/themes\/newspaper-builder\/images\/icon\/buildings-blue.svg\" alt=\"Adres\" style=\"width:160px\"\/ loading=\"lazy\"><\/figure>\n\n\n\n<h3 class=\"wp-block-heading has-text-align-center has-superbfont-medium-font-size\" style=\"padding-top:0;padding-bottom:var(--wp--preset--spacing--superbspacing-xsmall)\">ASARI Sp. z o.o.<\/h3>\n\n\n\n<p class=\"has-text-align-center\">ul. Wynalazek 1,<br>02-677 Warszawa<\/p>\n\n\n\n<div class=\"wp-block-buttons is-content-justification-center is-layout-flex wp-container-core-buttons-is-layout-0be08b07 wp-block-buttons-is-layout-flex\">\n<div class=\"wp-block-button is-style-fill\"><a class=\"wp-block-button__link wp-element-button\" href=\"mailto:serwis@aipowerrecruiter.com\">serwis@aipowerrecruiter.com<\/a><\/div>\n\n\n\n<div class=\"wp-block-button\"><a class=\"wp-block-button__link wp-element-button\" href=\"tel:228307240\" target=\"_blank\" rel=\"noreferrer noopener\">22 830 72 40<\/a><\/div>\n<\/div>\n<\/div>\n\n\n\n<div class=\"wp-block-group has-global-padding is-layout-constrained wp-block-group-is-layout-constrained\">\n<figure class=\"wp-block-image aligncenter size-large is-resized\"><img decoding=\"async\" src=\"https:\/\/aipowerrecruiter.com\/pl\/wp-content\/themes\/newspaper-builder\/images\/icon\/envelope-contact-mail-green.svg\" alt=\"Kontakt\" style=\"width:160px\"\/ loading=\"lazy\"><\/figure>\n\n\n\n<h3 class=\"wp-block-heading has-text-align-center has-superbfont-medium-font-size\" style=\"padding-top:0;padding-bottom:var(--wp--preset--spacing--superbspacing-xsmall)\">Napisz do nas<\/h3>\n\n\n\n<p class=\"has-text-align-center\">Chcesz korzysta\u0107 z naszych system\u00f3w? Napisz do nas, a my przygotujemy dla Ciebie dedykowana ofert\u0119.<\/p>\n\n\n\n<div class=\"wp-block-buttons is-content-justification-center is-layout-flex wp-container-core-buttons-is-layout-a89b3969 wp-block-buttons-is-layout-flex\">\n<div class=\"wp-block-button\"><a class=\"wp-block-button__link wp-element-button\" href=\"#form\">Wype\u0142nij formularz<\/a><\/div>\n<\/div>\n<\/div>\n\n\n\n<div class=\"wp-block-group has-global-padding is-layout-constrained wp-block-group-is-layout-constrained\">\n<figure class=\"wp-block-image aligncenter size-large is-resized\"><img decoding=\"async\" src=\"https:\/\/aipowerrecruiter.com\/pl\/wp-content\/themes\/newspaper-builder\/images\/icon\/support-gear-pink.svg\" alt=\"Pomoc\" style=\"width:160px\"\/ loading=\"lazy\"><\/figure>\n\n\n\n<h3 class=\"wp-block-heading has-text-align-center has-superbfont-medium-font-size\" style=\"padding-top:0;padding-bottom:var(--wp--preset--spacing--superbspacing-xsmall)\">Zg\u0142oszenia techniczne<\/h3>\n\n\n\n<p class=\"has-text-align-center\">Co\u015b niepokoi Ci\u0119 w zachowaniu naszych system\u00f3w? Daj nam zna\u0107, \u017ceby\u015bmy mogli przeanalizowa\u0107 problem.<\/p>\n\n\n\n<div class=\"wp-block-buttons is-content-justification-center is-layout-flex wp-container-core-buttons-is-layout-a89b3969 wp-block-buttons-is-layout-flex\">\n<div class=\"wp-block-button\"><a class=\"wp-block-button__link wp-element-button\" href=\"https:\/\/aipowerrecruiter.com\/pl\/pomoc\/zgloszenia-techniczne\/\" target=\"_blank\" rel=\"noreferrer noopener\">Wype\u0142nij formularz<\/a><\/div>\n<\/div>\n<\/div>\n<\/div>\n<\/div>\n\n\n\n<div id=\"form\" class=\"wp-block-group has-global-padding is-layout-constrained wp-container-core-group-is-layout-cbea4531 wp-block-group-is-layout-constrained\" style=\"padding-right:var(--wp--preset--spacing--superbspacing-small);padding-left:var(--wp--preset--spacing--superbspacing-small)\">\n<div class=\"wp-block-cover has-custom-content-position is-position-top-center contact-form\" style=\"border-radius:2rem;padding-top:0;padding-right:0;padding-bottom:0;padding-left:0\"><span aria-hidden=\"true\" class=\"wp-block-cover__background has-background-dim-100 has-background-dim has-background-gradient\" style=\"background:linear-gradient(147deg,rgb(255,249,217) 0%,rgb(239,229,249) 51%,rgb(203,249,255) 100%)\"><\/span><div class=\"wp-block-cover__inner-container has-global-padding is-layout-constrained wp-container-core-cover-is-layout-c06d165c wp-block-cover-is-layout-constrained\">\n<div class=\"wp-block-group has-global-padding is-layout-constrained wp-container-core-group-is-layout-e9b19232 wp-block-group-is-layout-constrained\" style=\"padding-top:var(--wp--preset--spacing--superbspacing-small);padding-right:var(--wp--preset--spacing--superbspacing-medium);padding-bottom:var(--wp--preset--spacing--superbspacing-small);padding-left:var(--wp--preset--spacing--superbspacing-medium)\">\n<h2 class=\"wp-block-heading has-text-align-center has-superbfont-xlarge-font-size\"><mark style=\"background-color:rgba(0, 0, 0, 0)\" class=\"has-inline-color has-contrast-dark-color\"><strong>Napisz<\/strong><\/mark> do nas<\/h2>\n\n\n\n<p class=\"has-text-align-center has-superbfont-small-font-size\" style=\"padding-bottom:var(--wp--preset--spacing--superbspacing-small)\">Dowiedz si\u0119 wi\u0119cej o AI Power Recruiter<\/p>\n\n\n\n<div class=\"wp-block-group has-global-padding is-layout-constrained wp-container-core-group-is-layout-41c06ba8 wp-block-group-is-layout-constrained\">\n<div class=\"wpcf7 no-js\" id=\"wpcf7-f273-o1\" lang=\"pl-PL\" dir=\"ltr\" data-wpcf7-id=\"273\">\n<div class=\"screen-reader-response\"><p role=\"status\" aria-live=\"polite\" aria-atomic=\"true\"><\/p> <ul><\/ul><\/div>\n<form action=\"\/pl\/wp-json\/wp\/v2\/pages\/11#wpcf7-f273-o1\" method=\"post\" class=\"wpcf7-form init\" id=\"contact\" aria-label=\"Formularz kontaktowy\" novalidate=\"novalidate\" data-status=\"init\">\n<fieldset class=\"hidden-fields-container\"><input type=\"hidden\" name=\"_wpcf7\" value=\"273\" \/><input type=\"hidden\" name=\"_wpcf7_version\" value=\"6.1.5\" \/><input type=\"hidden\" name=\"_wpcf7_locale\" value=\"pl_PL\" \/><input type=\"hidden\" name=\"_wpcf7_unit_tag\" value=\"wpcf7-f273-o1\" \/><input type=\"hidden\" name=\"_wpcf7_container_post\" value=\"0\" \/><input type=\"hidden\" name=\"_wpcf7_posted_data_hash\" value=\"\" \/><input type=\"hidden\" name=\"_uacf7_hidden_conditional_fields\" value=\"\" \/><input type=\"hidden\" name=\"_wpcf7_recaptcha_response\" value=\"\" \/>\n<\/fieldset>\n<div class=\"uacf7-form-wrapper-container uacf7-form-273  \"><div class=\"inputs\">\n<div class=\"inputs-row\"><span class=\"wpcf7-form-control-wrap\" data-name=\"phone_number\"><input size=\"40\" maxlength=\"400\" class=\"wpcf7-form-control wpcf7-tel wpcf7-validates-as-required wpcf7-text wpcf7-validates-as-tel\" aria-required=\"true\" aria-invalid=\"false\" placeholder=\"Numer telefonu\" value=\"\" type=\"tel\" name=\"phone_number\" \/><\/span> <span class=\"wpcf7-form-control-wrap\" data-name=\"email\"><input size=\"40\" maxlength=\"400\" class=\"wpcf7-form-control wpcf7-email wpcf7-validates-as-required wpcf7-text wpcf7-validates-as-email text-input\" aria-required=\"true\" aria-invalid=\"false\" placeholder=\"Adres e-mail\" value=\"\" type=\"email\" name=\"email\" \/><\/span><\/div>\n<span class=\"wpcf7-form-control-wrap\" data-name=\"message\"><textarea cols=\"40\" rows=\"5\" maxlength=\"2000\" class=\"wpcf7-form-control wpcf7-textarea\" aria-invalid=\"false\" name=\"message\">Dzie\u0144 dobry, chc\u0119 usprawni\u0107 swoje rekrutacje i dowiedzie\u0107 si\u0119 wi\u0119cej o AI Power Recruiter.<\/textarea><\/span>\n<\/div>\n<div class=\"form-consent\">\n<span class=\"wpcf7-form-control-wrap\" data-name=\"checkbox-832\"><span class=\"wpcf7-form-control wpcf7-checkbox check_all\"><span class=\"wpcf7-list-item first last\"><label><input type=\"checkbox\" name=\"checkbox-832[]\" value=\"Zaznacz wszystkie zgody.\" \/><span class=\"wpcf7-list-item-label\">Zaznacz wszystkie zgody.<\/span><\/label><\/span><\/span><\/span>\n<hr class=\"checkbox_separator\">\n<p class=\"consent-own-content\"><\/p>\n<div>\n<span class=\"wpcf7-form-control-wrap\" data-name=\"checkbox-316\"><span class=\"wpcf7-form-control wpcf7-checkbox\"><span class=\"wpcf7-list-item first last\"><label><input type=\"checkbox\" name=\"checkbox-316[]\" value=\"wiadomo\u015bci e-mail\" \/><span class=\"wpcf7-list-item-label\">wiadomo\u015bci e-mail<\/span><\/label><\/span><\/span><\/span>\n<span class=\"wpcf7-form-control-wrap\" data-name=\"checkbox-326\"><span class=\"wpcf7-form-control wpcf7-checkbox\"><span class=\"wpcf7-list-item first last\"><label><input type=\"checkbox\" name=\"checkbox-326[]\" value=\"wiadomo\u015bci SMS\/MMS\" \/><span class=\"wpcf7-list-item-label\">wiadomo\u015bci SMS\/MMS<\/span><\/label><\/span><\/span><\/span>\n<span class=\"wpcf7-form-control-wrap\" data-name=\"checkbox-336\"><span class=\"wpcf7-form-control wpcf7-checkbox\"><span class=\"wpcf7-list-item first last\"><label><input type=\"checkbox\" name=\"checkbox-336[]\" value=\"po\u0142\u0105cze\u0144 telefonicznych\" \/><span class=\"wpcf7-list-item-label\">po\u0142\u0105cze\u0144 telefonicznych<\/span><\/label><\/span><\/span><\/span>\n<\/div>\n<p class=\"consent-partner-content\"><\/p> \n<div>\n<span class=\"wpcf7-form-control-wrap\" data-name=\"checkbox-416\"><span class=\"wpcf7-form-control wpcf7-checkbox\"><span class=\"wpcf7-list-item first last\"><label><input type=\"checkbox\" name=\"checkbox-416[]\" value=\"wiadomo\u015bci e-mail\" \/><span class=\"wpcf7-list-item-label\">wiadomo\u015bci e-mail<\/span><\/label><\/span><\/span><\/span>\n<span class=\"wpcf7-form-control-wrap\" data-name=\"checkbox-426\"><span class=\"wpcf7-form-control wpcf7-checkbox\"><span class=\"wpcf7-list-item first last\"><label><input type=\"checkbox\" name=\"checkbox-426[]\" value=\"wiadomo\u015bci SMS\/MMS\" \/><span class=\"wpcf7-list-item-label\">wiadomo\u015bci SMS\/MMS<\/span><\/label><\/span><\/span><\/span>\n<span class=\"wpcf7-form-control-wrap\" data-name=\"checkbox-436\"><span class=\"wpcf7-form-control wpcf7-checkbox\"><span class=\"wpcf7-list-item first last\"><label><input type=\"checkbox\" name=\"checkbox-436[]\" value=\"po\u0142\u0105cze\u0144 telefonicznych\" \/><span class=\"wpcf7-list-item-label\">po\u0142\u0105cze\u0144 telefonicznych<\/span><\/label><\/span><\/span><\/span>\n<\/div>\n<\/div>\n<div class=\"spinner-container\">\n<input class=\"wpcf7-form-control wpcf7-submit has-spinner\" type=\"submit\" value=\"Wy\u015blij\" \/>\n<\/div><\/div><div class=\"wpcf7-response-output\" aria-hidden=\"true\"><\/div>\n<\/form>\n<\/div>\n\n\n\n<p class=\"popup-admin-info\">Administrator (ASARI) przetwarza dane w celu udzielenia odpowiedzi, a w przypadku wyra\u017cenia zg\u00f3d na otrzymywanie informacji handlowych w celu ich przekazania. W przypadku udzielenia zg\u00f3d na otrzymywanie informacji handlowych dotycz\u0105cych partner\u00f3w, dane przetwarzane s\u0105 w oparciu o zgody. Zgody s\u0105 dobrowolne i mo\u017cna je wycofa\u0107 w dowolnym momencie. Wycofanie zg\u00f3d nie wp\u0142ywa na zgodno\u015b\u0107 z prawem przekazywania informacji handlowych przed ich wycofaniem. Wi\u0119cej informacji, w tym o przys\u0142uguj\u0105cych prawach, znajdziesz <a href=\"https:\/\/aipowerrecruiter.com\/pl\/polityka-prywatnosci\/\" rel=\"noindex\">tutaj<\/a>.<\/p>\n<\/div>\n<\/div>\n<\/div><\/div>\n<\/div>\n","protected":false},"excerpt":{"rendered":"<p>ASARI Sp. z o.o. ul. Wynalazek 1,02-677 Warszawa Napisz do nas Chcesz korzysta\u0107 z naszych system\u00f3w? Napisz do nas, a my przygotujemy dla Ciebie dedykowana ofert\u0119. Zg\u0142oszenia techniczne Co\u015b niepokoi Ci\u0119 w zachowaniu naszych system\u00f3w? Daj nam zna\u0107, \u017ceby\u015bmy mogli przeanalizowa\u0107 problem.<\/p>\n","protected":false},"author":3,"featured_media":0,"parent":0,"menu_order":6,"comment_status":"open","ping_status":"closed","template":"","meta":{"_beeclear_ctt_text":"","_beeclear_ctt_class":"","_beeclear_ctt_element":"p","_beeclear_ctt_is_custom_code":false,"inline_featured_image":false,"footnotes":""},"class_list":["post-11","page","type-page","status-publish","hentry"],"_links":{"self":[{"href":"https:\/\/aipowerrecruiter.com\/pl\/wp-json\/wp\/v2\/pages\/11","targetHints":{"allow":["GET"]}}],"collection":[{"href":"https:\/\/aipowerrecruiter.com\/pl\/wp-json\/wp\/v2\/pages"}],"about":[{"href":"https:\/\/aipowerrecruiter.com\/pl\/wp-json\/wp\/v2\/types\/page"}],"author":[{"embeddable":true,"href":"https:\/\/aipowerrecruiter.com\/pl\/wp-json\/wp\/v2\/users\/3"}],"replies":[{"embeddable":true,"href":"https:\/\/aipowerrecruiter.com\/pl\/wp-json\/wp\/v2\/comments?post=11"}],"version-history":[{"count":33,"href":"https:\/\/aipowerrecruiter.com\/pl\/wp-json\/wp\/v2\/pages\/11\/revisions"}],"predecessor-version":[{"id":4143,"href":"https:\/\/aipowerrecruiter.com\/pl\/wp-json\/wp\/v2\/pages\/11\/revisions\/4143"}],"wp:attachment":[{"href":"https:\/\/aipowerrecruiter.com\/pl\/wp-json\/wp\/v2\/media?parent=11"}],"curies":[{"name":"wp","href":"https:\/\/api.w.org\/{rel}","templated":true}]}}